{"id":1004,"date":"2022-05-11T21:09:08","date_gmt":"2022-05-11T21:09:08","guid":{"rendered":"https:\/\/harpagany.eu\/?page_id=1004"},"modified":"2022-05-11T21:09:08","modified_gmt":"2022-05-11T21:09:08","slug":"korona-polskich-beskidow","status":"publish","type":"page","link":"https:\/\/harpagany.eu\/?page_id=1004","title":{"rendered":"Korona Polskich Beskid\u00f3w"},"content":{"rendered":"\n<p>Odznaka ustanowiona przez PTTK w Bochni (<a href=\"http:\/\/bochnia.pttk.pl\/page\/korona-polskich-beskidow\">regulamin<\/a>), w ramach kt\u00f3rej nale\u017cy zdoby\u0107 nast\u0119puj\u0105ce szczyty:<\/p>\n\n\n\n<ol class=\"wp-block-list\"><li><a href=\"https:\/\/harpagany.eu\/?p=469\">Skrzyczne<\/a>         1257 m n.p.m.         Beskid \u015al\u0105ski<\/li><li><a href=\"https:\/\/harpagany.eu\/?p=474\">Czupel  <\/a>              933 m n.p.m.         Beskid Ma\u0142y<\/li><li><a href=\"https:\/\/harpagany.eu\/?p=481\">Babia G\u00f3ra<\/a>      1725 m n.p.m.         Beskid \u017bywiecki<\/li><li><a href=\"https:\/\/harpagany.eu\/?p=407\">Lubomir<\/a>            904 m n.p.m.         Beskid Makowski<\/li><li><a href=\"https:\/\/harpagany.eu\/?p=401\">Mogielica<\/a>          1179 m n.p.m.        Beskid Wyspowy<\/li><li><a href=\"https:\/\/harpagany.eu\/?p=485\">Turbacz<\/a>             1310 m n.p.m.        Gorce<\/li><li><a href=\"https:\/\/harpagany.eu\/?p=603\">Radziejowa<\/a>      1262 m n.p.m.        Beskid S\u0105decki<\/li><li><a href=\"https:\/\/harpagany.eu\/?p=598\">Wysoka<\/a>            1050 m n.p.m.        Pieniny<\/li><li><a href=\"https:\/\/harpagany.eu\/?p=609\">Lackowa<\/a>             997 m n.p.m.        Beskid Niski<\/li><li><a href=\"https:\/\/harpagany.eu\/?p=614\">Tarnica<\/a>             1346 m n.p.m.        Bieszczady<\/li><\/ol>\n\n\n\n<div class=\"wp-block-image\"><figure class=\"aligncenter size-full\"><img decoding=\"async\" src=\"https:\/\/harpagany.eu\/wp-content\/uploads\/2022\/05\/kpb.png\" alt=\"\" class=\"wp-image-1003\"\/><\/figure><\/div>\n","protected":false},"excerpt":{"rendered":"<p>Odznaka ustanowiona przez PTTK w Bochni (regulamin), w ramach kt\u00f3rej nale\u017cy zdoby\u0107 nast\u0119puj\u0105ce szczyty: Skrzyczne 1257 m n.p.m. Beskid \u015al\u0105ski Czupel 933 m n.p.m. Beskid Ma\u0142y Babia G\u00f3ra 1725 m n.p.m. Beskid \u017bywiecki Lubomir 904 m n.p.m. Beskid Makowski Mogielica 1179 m n.p.m. Beskid Wyspowy Turbacz 1310 m n.p.m. Gorce Radziejowa 1262 m n.p.m. Beskid [&hellip;]<\/p>\n","protected":false},"author":3,"featured_media":0,"parent":0,"menu_order":0,"comment_status":"closed","ping_status":"closed","template":"","meta":{"footnotes":""},"class_list":["post-1004","page","type-page","status-publish","hentry"],"yoast_head":"<!-- This site is optimized with the Yoast SEO plugin v26.2 - https:\/\/yoast.com\/wordpress\/plugins\/seo\/ -->\n<title>Korona Polskich Beskid\u00f3w - P\u0142ockie Harpagany<\/title>\n<meta name=\"robots\" content=\"index, follow, max-snippet:-1, max-image-preview:large, max-video-preview:-1\" \/>\n<link rel=\"canonical\" href=\"https:\/\/harpagany.eu\/?page_id=1004\" \/>\n<meta property=\"og:locale\" content=\"pl_PL\" \/>\n<meta property=\"og:type\" content=\"article\" \/>\n<meta property=\"og:title\" content=\"Korona Polskich Beskid\u00f3w - P\u0142ockie Harpagany\" \/>\n<meta property=\"og:description\" content=\"Odznaka ustanowiona przez PTTK w Bochni (regulamin), w ramach kt\u00f3rej nale\u017cy zdoby\u0107 nast\u0119puj\u0105ce szczyty: Skrzyczne 1257 m n.p.m. Beskid \u015al\u0105ski Czupel 933 m n.p.m. Beskid Ma\u0142y Babia G\u00f3ra 1725 m n.p.m. Beskid \u017bywiecki Lubomir 904 m n.p.m. Beskid Makowski Mogielica 1179 m n.p.m. Beskid Wyspowy Turbacz 1310 m n.p.m. Gorce Radziejowa 1262 m n.p.m. Beskid [&hellip;]\" \/>\n<meta property=\"og:url\" content=\"https:\/\/harpagany.eu\/?page_id=1004\" \/>\n<meta property=\"og:site_name\" content=\"P\u0142ockie Harpagany\" \/>\n<meta property=\"og:image\" content=\"https:\/\/harpagany.eu\/wp-content\/uploads\/2022\/05\/kpb.png\" \/>\n<meta name=\"twitter:card\" content=\"summary_large_image\" \/>\n<script type=\"application\/ld+json\" class=\"yoast-schema-graph\">{\"@context\":\"https:\/\/schema.org\",\"@graph\":[{\"@type\":\"WebPage\",\"@id\":\"https:\/\/harpagany.eu\/?page_id=1004\",\"url\":\"https:\/\/harpagany.eu\/?page_id=1004\",\"name\":\"Korona Polskich Beskid\u00f3w - P\u0142ockie Harpagany\",\"isPartOf\":{\"@id\":\"https:\/\/harpagany.eu\/#website\"},\"primaryImageOfPage\":{\"@id\":\"https:\/\/harpagany.eu\/?page_id=1004#primaryimage\"},\"image\":{\"@id\":\"https:\/\/harpagany.eu\/?page_id=1004#primaryimage\"},\"thumbnailUrl\":\"https:\/\/harpagany.eu\/wp-content\/uploads\/2022\/05\/kpb.png\",\"datePublished\":\"2022-05-11T21:09:08+00:00\",\"breadcrumb\":{\"@id\":\"https:\/\/harpagany.eu\/?page_id=1004#breadcrumb\"},\"inLanguage\":\"pl-PL\",\"potentialAction\":[{\"@type\":\"ReadAction\",\"target\":[\"https:\/\/harpagany.eu\/?page_id=1004\"]}]},{\"@type\":\"ImageObject\",\"inLanguage\":\"pl-PL\",\"@id\":\"https:\/\/harpagany.eu\/?page_id=1004#primaryimage\",\"url\":\"https:\/\/harpagany.eu\/wp-content\/uploads\/2022\/05\/kpb.png\",\"contentUrl\":\"https:\/\/harpagany.eu\/wp-content\/uploads\/2022\/05\/kpb.png\"},{\"@type\":\"BreadcrumbList\",\"@id\":\"https:\/\/harpagany.eu\/?page_id=1004#breadcrumb\",\"itemListElement\":[{\"@type\":\"ListItem\",\"position\":1,\"name\":\"Home\",\"item\":\"https:\/\/harpagany.eu\/\"},{\"@type\":\"ListItem\",\"position\":2,\"name\":\"Korona Polskich Beskid\u00f3w\"}]},{\"@type\":\"WebSite\",\"@id\":\"https:\/\/harpagany.eu\/#website\",\"url\":\"https:\/\/harpagany.eu\/\",\"name\":\"P\u0142ockie Harpagany\",\"description\":\"Niewa\u017cne gdzie, wa\u017cne z kim!!!\",\"potentialAction\":[{\"@type\":\"SearchAction\",\"target\":{\"@type\":\"EntryPoint\",\"urlTemplate\":\"https:\/\/harpagany.eu\/?s={search_term_string}\"},\"query-input\":{\"@type\":\"PropertyValueSpecification\",\"valueRequired\":true,\"valueName\":\"search_term_string\"}}],\"inLanguage\":\"pl-PL\"}]}<\/script>\n<!-- \/ Yoast SEO plugin. -->","yoast_head_json":{"title":"Korona Polskich Beskid\u00f3w - P\u0142ockie Harpagany","robots":{"index":"index","follow":"follow","max-snippet":"max-snippet:-1","max-image-preview":"max-image-preview:large","max-video-preview":"max-video-preview:-1"},"canonical":"https:\/\/harpagany.eu\/?page_id=1004","og_locale":"pl_PL","og_type":"article","og_title":"Korona Polskich Beskid\u00f3w - P\u0142ockie Harpagany","og_description":"Odznaka ustanowiona przez PTTK w Bochni (regulamin), w ramach kt\u00f3rej nale\u017cy zdoby\u0107 nast\u0119puj\u0105ce szczyty: Skrzyczne 1257 m n.p.m. Beskid \u015al\u0105ski Czupel 933 m n.p.m. Beskid Ma\u0142y Babia G\u00f3ra 1725 m n.p.m. Beskid \u017bywiecki Lubomir 904 m n.p.m. Beskid Makowski Mogielica 1179 m n.p.m. Beskid Wyspowy Turbacz 1310 m n.p.m. Gorce Radziejowa 1262 m n.p.m. Beskid [&hellip;]","og_url":"https:\/\/harpagany.eu\/?page_id=1004","og_site_name":"P\u0142ockie Harpagany","og_image":[{"url":"https:\/\/harpagany.eu\/wp-content\/uploads\/2022\/05\/kpb.png","type":"","width":"","height":""}],"twitter_card":"summary_large_image","schema":{"@context":"https:\/\/schema.org","@graph":[{"@type":"WebPage","@id":"https:\/\/harpagany.eu\/?page_id=1004","url":"https:\/\/harpagany.eu\/?page_id=1004","name":"Korona Polskich Beskid\u00f3w - P\u0142ockie Harpagany","isPartOf":{"@id":"https:\/\/harpagany.eu\/#website"},"primaryImageOfPage":{"@id":"https:\/\/harpagany.eu\/?page_id=1004#primaryimage"},"image":{"@id":"https:\/\/harpagany.eu\/?page_id=1004#primaryimage"},"thumbnailUrl":"https:\/\/harpagany.eu\/wp-content\/uploads\/2022\/05\/kpb.png","datePublished":"2022-05-11T21:09:08+00:00","breadcrumb":{"@id":"https:\/\/harpagany.eu\/?page_id=1004#breadcrumb"},"inLanguage":"pl-PL","potentialAction":[{"@type":"ReadAction","target":["https:\/\/harpagany.eu\/?page_id=1004"]}]},{"@type":"ImageObject","inLanguage":"pl-PL","@id":"https:\/\/harpagany.eu\/?page_id=1004#primaryimage","url":"https:\/\/harpagany.eu\/wp-content\/uploads\/2022\/05\/kpb.png","contentUrl":"https:\/\/harpagany.eu\/wp-content\/uploads\/2022\/05\/kpb.png"},{"@type":"BreadcrumbList","@id":"https:\/\/harpagany.eu\/?page_id=1004#breadcrumb","itemListElement":[{"@type":"ListItem","position":1,"name":"Home","item":"https:\/\/harpagany.eu\/"},{"@type":"ListItem","position":2,"name":"Korona Polskich Beskid\u00f3w"}]},{"@type":"WebSite","@id":"https:\/\/harpagany.eu\/#website","url":"https:\/\/harpagany.eu\/","name":"P\u0142ockie Harpagany","description":"Niewa\u017cne gdzie, wa\u017cne z kim!!!","potentialAction":[{"@type":"SearchAction","target":{"@type":"EntryPoint","urlTemplate":"https:\/\/harpagany.eu\/?s={search_term_string}"},"query-input":{"@type":"PropertyValueSpecification","valueRequired":true,"valueName":"search_term_string"}}],"inLanguage":"pl-PL"}]}},"_links":{"self":[{"href":"https:\/\/harpagany.eu\/index.php?rest_route=\/wp\/v2\/pages\/1004","targetHints":{"allow":["GET"]}}],"collection":[{"href":"https:\/\/harpagany.eu\/index.php?rest_route=\/wp\/v2\/pages"}],"about":[{"href":"https:\/\/harpagany.eu\/index.php?rest_route=\/wp\/v2\/types\/page"}],"author":[{"embeddable":true,"href":"https:\/\/harpagany.eu\/index.php?rest_route=\/wp\/v2\/users\/3"}],"replies":[{"embeddable":true,"href":"https:\/\/harpagany.eu\/index.php?rest_route=%2Fwp%2Fv2%2Fcomments&post=1004"}],"version-history":[{"count":0,"href":"https:\/\/harpagany.eu\/index.php?rest_route=\/wp\/v2\/pages\/1004\/revisions"}],"wp:attachment":[{"href":"https:\/\/harpagany.eu\/index.php?rest_route=%2Fwp%2Fv2%2Fmedia&parent=1004"}],"curies":[{"name":"wp","href":"https:\/\/api.w.org\/{rel}","templated":true}]}}