{"id":1023,"date":"2022-05-11T21:40:22","date_gmt":"2022-05-11T21:40:22","guid":{"rendered":"https:\/\/harpagany.eu\/?page_id=1023"},"modified":"2024-12-24T14:17:01","modified_gmt":"2024-12-24T13:17:01","slug":"korona-sudetow-2","status":"publish","type":"page","link":"https:\/\/harpagany.eu\/?page_id=1023","title":{"rendered":"Korona Sudet\u00f3w"},"content":{"rendered":"\n<p>Odznaka ustanowiona przez PTTK we Wroc\u0142awiu (<a href=\"http:\/\/www.ktg.wroclaw.pl\/korona.php\">regulamin<\/a>), w ramach kt\u00f3rej nale\u017cy zdoby\u0107 nast\u0119puj\u0105ce szczyty:<\/p>\n\n\n\n<ol class=\"wp-block-list\" type=\"1\"><li><a href=\"https:\/\/harpagany.eu\/?p=2762\">Lu\u017c<\/a> 793 m n.p.m. G\u00f3ry \u0141u\u017cyckie<\/li><li><a href=\"https:\/\/harpagany.eu\/?p=2769\">Jested<\/a> 1012 m n.p.m. Grzbiet Jesztiedsko-Kozakowski<\/li><li><a href=\"https:\/\/harpagany.eu\/?p=55\">Wysoka Kopa<\/a> 1126 m n.p.m. G\u00f3ry Izerskie<\/li><li><a href=\"https:\/\/harpagany.eu\/?p=761\">\u015anie\u017cka<\/a> 1603 m n.p.m. Karkonosze<\/li><li><a href=\"https:\/\/harpagany.eu\/?p=768\">Skalnik<\/a> 944 m n.p.m. Rudawy Janowickie<\/li><li><a href=\"https:\/\/harpagany.eu\/?p=104\">Skopiec<\/a> 720 m n.p.m. G\u00f3ry Kaczawskie<\/li><li><a href=\"https:\/\/harpagany.eu\/?p=1494\">Borowa<\/a> 853 m n.p.m. G\u00f3ry Wa\u0142brzyskie<\/li><li><a href=\"https:\/\/harpagany.eu\/?p=813\">Walig\u00f3ra<\/a> 934 m n.p.m. G\u00f3ry Kamienne<\/li><li><a href=\"https:\/\/harpagany.eu\/?p=2642\">Zaltman<\/a> 740 m n.p.m. G\u00f3ry Jastrz\u0119bie<\/li><li><a href=\"https:\/\/harpagany.eu\/?p=773\">Szczeliniec Wielki<\/a> 922 m n.p.m. G\u00f3ry Sto\u0142owe<\/li><li><a href=\"https:\/\/harpagany.eu\/?p=805\">Wielka Sowa<\/a> 1015 m n.p.m. G\u00f3ry Sowie<\/li><li><a href=\"https:\/\/harpagany.eu\/?p=798\">K\u0142odzka G\u00f3ra<\/a> 757 m n.p.m. G\u00f3ry Bardzkie<\/li><li><a href=\"https:\/\/harpagany.eu\/?p=2637\">Velka Destna<\/a> 1116 m n.p.m. G\u00f3ry Bystrzyckie i Orlickie<\/li><li><a href=\"https:\/\/harpagany.eu\/?p=792\">Jagodna<\/a> 978 m n.p.m. G\u00f3ry Bystrzyckie i Orlickie<\/li><li><a href=\"https:\/\/harpagany.eu\/?p=2608\">Smrk<\/a> 1126 m n.p.m. G\u00f3ry Z\u0142ote i Bialskie<\/li><li><a href=\"https:\/\/harpagany.eu\/?p=172\">\u015anie\u017cnik<\/a> 1423 m n.p.m. Masyw \u015anie\u017cnika<\/li><li><a href=\"https:\/\/harpagany.eu\/?p=2626\">Pricny vrch<\/a> 975 m n.p.m.  G\u00f3ry Opawskie<\/li><li><a href=\"https:\/\/harpagany.eu\/?p=2629\">Pradziad<\/a> 1491 m n.p.m. Wysoki Jesionik<\/li><li><a href=\"https:\/\/harpagany.eu\/?p=2613\">Jerab<\/a> 1003 m n.p.m.\u00a0G\u00f3ry Hanuszowickie<\/li><li><a href=\"https:\/\/harpagany.eu\/?p=2616\">Lazek<\/a> 715 m n.p.m. Wy\u017cyna Zabrzeska<\/li><li><a href=\"https:\/\/harpagany.eu\/?p=2633\">Slunecna<\/a> 802 m n.p.m. Niski Jesionik<\/li><li><a href=\"https:\/\/harpagany.eu\/?p=827\">\u015al\u0119\u017ca<\/a> 718 m n.p.m.\u00a0Masyw \u015al\u0119\u017cy<\/li><\/ol>\n","protected":false},"excerpt":{"rendered":"<p>Odznaka ustanowiona przez PTTK we Wroc\u0142awiu (regulamin), w ramach kt\u00f3rej nale\u017cy zdoby\u0107 nast\u0119puj\u0105ce szczyty: Lu\u017c 793 m n.p.m. G\u00f3ry \u0141u\u017cyckie Jested 1012 m n.p.m. Grzbiet Jesztiedsko-Kozakowski Wysoka Kopa 1126 m n.p.m. G\u00f3ry Izerskie \u015anie\u017cka 1603 m n.p.m. Karkonosze Skalnik 944 m n.p.m. Rudawy Janowickie Skopiec 720 m n.p.m. G\u00f3ry Kaczawskie Borowa 853 m n.p.m. G\u00f3ry [&hellip;]<\/p>\n","protected":false},"author":1,"featured_media":0,"parent":0,"menu_order":0,"comment_status":"closed","ping_status":"closed","template":"","meta":{"footnotes":""},"class_list":["post-1023","page","type-page","status-publish","hentry"],"yoast_head":"<!-- This site is optimized with the Yoast SEO plugin v26.2 - https:\/\/yoast.com\/wordpress\/plugins\/seo\/ -->\n<title>Korona Sudet\u00f3w - P\u0142ockie Harpagany<\/title>\n<meta name=\"robots\" content=\"index, follow, max-snippet:-1, max-image-preview:large, max-video-preview:-1\" \/>\n<link rel=\"canonical\" href=\"https:\/\/harpagany.eu\/?page_id=1023\" \/>\n<meta property=\"og:locale\" content=\"pl_PL\" \/>\n<meta property=\"og:type\" content=\"article\" \/>\n<meta property=\"og:title\" content=\"Korona Sudet\u00f3w - P\u0142ockie Harpagany\" \/>\n<meta property=\"og:description\" content=\"Odznaka ustanowiona przez PTTK we Wroc\u0142awiu (regulamin), w ramach kt\u00f3rej nale\u017cy zdoby\u0107 nast\u0119puj\u0105ce szczyty: Lu\u017c 793 m n.p.m. G\u00f3ry \u0141u\u017cyckie Jested 1012 m n.p.m. Grzbiet Jesztiedsko-Kozakowski Wysoka Kopa 1126 m n.p.m. G\u00f3ry Izerskie \u015anie\u017cka 1603 m n.p.m. Karkonosze Skalnik 944 m n.p.m. Rudawy Janowickie Skopiec 720 m n.p.m. G\u00f3ry Kaczawskie Borowa 853 m n.p.m. G\u00f3ry [&hellip;]\" \/>\n<meta property=\"og:url\" content=\"https:\/\/harpagany.eu\/?page_id=1023\" \/>\n<meta property=\"og:site_name\" content=\"P\u0142ockie Harpagany\" \/>\n<meta property=\"article:modified_time\" content=\"2024-12-24T13:17:01+00:00\" \/>\n<meta name=\"twitter:card\" content=\"summary_large_image\" \/>\n<meta name=\"twitter:label1\" content=\"Szacowany czas czytania\" \/>\n\t<meta name=\"twitter:data1\" content=\"1 minuta\" \/>\n<script type=\"application\/ld+json\" class=\"yoast-schema-graph\">{\"@context\":\"https:\/\/schema.org\",\"@graph\":[{\"@type\":\"WebPage\",\"@id\":\"https:\/\/harpagany.eu\/?page_id=1023\",\"url\":\"https:\/\/harpagany.eu\/?page_id=1023\",\"name\":\"Korona Sudet\u00f3w - P\u0142ockie Harpagany\",\"isPartOf\":{\"@id\":\"https:\/\/harpagany.eu\/#website\"},\"datePublished\":\"2022-05-11T21:40:22+00:00\",\"dateModified\":\"2024-12-24T13:17:01+00:00\",\"breadcrumb\":{\"@id\":\"https:\/\/harpagany.eu\/?page_id=1023#breadcrumb\"},\"inLanguage\":\"pl-PL\",\"potentialAction\":[{\"@type\":\"ReadAction\",\"target\":[\"https:\/\/harpagany.eu\/?page_id=1023\"]}]},{\"@type\":\"BreadcrumbList\",\"@id\":\"https:\/\/harpagany.eu\/?page_id=1023#breadcrumb\",\"itemListElement\":[{\"@type\":\"ListItem\",\"position\":1,\"name\":\"Home\",\"item\":\"https:\/\/harpagany.eu\/\"},{\"@type\":\"ListItem\",\"position\":2,\"name\":\"Korona Sudet\u00f3w\"}]},{\"@type\":\"WebSite\",\"@id\":\"https:\/\/harpagany.eu\/#website\",\"url\":\"https:\/\/harpagany.eu\/\",\"name\":\"P\u0142ockie Harpagany\",\"description\":\"Niewa\u017cne gdzie, wa\u017cne z kim!!!\",\"potentialAction\":[{\"@type\":\"SearchAction\",\"target\":{\"@type\":\"EntryPoint\",\"urlTemplate\":\"https:\/\/harpagany.eu\/?s={search_term_string}\"},\"query-input\":{\"@type\":\"PropertyValueSpecification\",\"valueRequired\":true,\"valueName\":\"search_term_string\"}}],\"inLanguage\":\"pl-PL\"}]}<\/script>\n<!-- \/ Yoast SEO plugin. -->","yoast_head_json":{"title":"Korona Sudet\u00f3w - P\u0142ockie Harpagany","robots":{"index":"index","follow":"follow","max-snippet":"max-snippet:-1","max-image-preview":"max-image-preview:large","max-video-preview":"max-video-preview:-1"},"canonical":"https:\/\/harpagany.eu\/?page_id=1023","og_locale":"pl_PL","og_type":"article","og_title":"Korona Sudet\u00f3w - P\u0142ockie Harpagany","og_description":"Odznaka ustanowiona przez PTTK we Wroc\u0142awiu (regulamin), w ramach kt\u00f3rej nale\u017cy zdoby\u0107 nast\u0119puj\u0105ce szczyty: Lu\u017c 793 m n.p.m. G\u00f3ry \u0141u\u017cyckie Jested 1012 m n.p.m. Grzbiet Jesztiedsko-Kozakowski Wysoka Kopa 1126 m n.p.m. G\u00f3ry Izerskie \u015anie\u017cka 1603 m n.p.m. Karkonosze Skalnik 944 m n.p.m. Rudawy Janowickie Skopiec 720 m n.p.m. G\u00f3ry Kaczawskie Borowa 853 m n.p.m. G\u00f3ry [&hellip;]","og_url":"https:\/\/harpagany.eu\/?page_id=1023","og_site_name":"P\u0142ockie Harpagany","article_modified_time":"2024-12-24T13:17:01+00:00","twitter_card":"summary_large_image","twitter_misc":{"Szacowany czas czytania":"1 minuta"},"schema":{"@context":"https:\/\/schema.org","@graph":[{"@type":"WebPage","@id":"https:\/\/harpagany.eu\/?page_id=1023","url":"https:\/\/harpagany.eu\/?page_id=1023","name":"Korona Sudet\u00f3w - P\u0142ockie Harpagany","isPartOf":{"@id":"https:\/\/harpagany.eu\/#website"},"datePublished":"2022-05-11T21:40:22+00:00","dateModified":"2024-12-24T13:17:01+00:00","breadcrumb":{"@id":"https:\/\/harpagany.eu\/?page_id=1023#breadcrumb"},"inLanguage":"pl-PL","potentialAction":[{"@type":"ReadAction","target":["https:\/\/harpagany.eu\/?page_id=1023"]}]},{"@type":"BreadcrumbList","@id":"https:\/\/harpagany.eu\/?page_id=1023#breadcrumb","itemListElement":[{"@type":"ListItem","position":1,"name":"Home","item":"https:\/\/harpagany.eu\/"},{"@type":"ListItem","position":2,"name":"Korona Sudet\u00f3w"}]},{"@type":"WebSite","@id":"https:\/\/harpagany.eu\/#website","url":"https:\/\/harpagany.eu\/","name":"P\u0142ockie Harpagany","description":"Niewa\u017cne gdzie, wa\u017cne z kim!!!","potentialAction":[{"@type":"SearchAction","target":{"@type":"EntryPoint","urlTemplate":"https:\/\/harpagany.eu\/?s={search_term_string}"},"query-input":{"@type":"PropertyValueSpecification","valueRequired":true,"valueName":"search_term_string"}}],"inLanguage":"pl-PL"}]}},"_links":{"self":[{"href":"https:\/\/harpagany.eu\/index.php?rest_route=\/wp\/v2\/pages\/1023","targetHints":{"allow":["GET"]}}],"collection":[{"href":"https:\/\/harpagany.eu\/index.php?rest_route=\/wp\/v2\/pages"}],"about":[{"href":"https:\/\/harpagany.eu\/index.php?rest_route=\/wp\/v2\/types\/page"}],"author":[{"embeddable":true,"href":"https:\/\/harpagany.eu\/index.php?rest_route=\/wp\/v2\/users\/1"}],"replies":[{"embeddable":true,"href":"https:\/\/harpagany.eu\/index.php?rest_route=%2Fwp%2Fv2%2Fcomments&post=1023"}],"version-history":[{"count":1,"href":"https:\/\/harpagany.eu\/index.php?rest_route=\/wp\/v2\/pages\/1023\/revisions"}],"predecessor-version":[{"id":4032,"href":"https:\/\/harpagany.eu\/index.php?rest_route=\/wp\/v2\/pages\/1023\/revisions\/4032"}],"wp:attachment":[{"href":"https:\/\/harpagany.eu\/index.php?rest_route=%2Fwp%2Fv2%2Fmedia&parent=1023"}],"curies":[{"name":"wp","href":"https:\/\/api.w.org\/{rel}","templated":true}]}}