{"id":17,"date":"2022-05-04T13:31:09","date_gmt":"2022-05-04T13:31:09","guid":{"rendered":"https:\/\/harpagany.eu\/?page_id=17"},"modified":"2026-01-01T18:25:29","modified_gmt":"2026-01-01T17:25:29","slug":"korona-gor-polski","status":"publish","type":"page","link":"https:\/\/harpagany.eu\/?page_id=17","title":{"rendered":"Korona G\u00f3r Polski #1"},"content":{"rendered":"\n<p>Odznaka przyznawana przez Klub Zdobywc\u00f3w Korony G\u00f3r Polski (<a href=\"https:\/\/kgp.info.pl\/wykaz-szczytow\/\">wykaz i mapa szczyt\u00f3w<\/a> oraz <a href=\"https:\/\/kgp.info.pl\/regulamin-klubu\/\">regulamin<\/a>), w ramach kt\u00f3rej nale\u017cy zdoby\u0107 nast\u0119puj\u0105ce szczyty:<\/p>\n\n\n\n<ol class=\"wp-block-list\">\n<li><a href=\"https:\/\/harpagany.eu\/?p=396\">Rysy<\/a>                       2499 m n.p.m.    Tatry<\/li>\n\n\n\n<li><a href=\"https:\/\/harpagany.eu\/?p=481\">Babia G\u00f3ra<\/a>            1725 m n.p.m.\u00a0   Beskid \u017bywiecki<\/li>\n\n\n\n<li><a href=\"https:\/\/harpagany.eu\/?p=761\">\u015anie\u017cka<\/a>                  1602 m n.p.m.\u00a0   Karkonosze<\/li>\n\n\n\n<li><a href=\"https:\/\/harpagany.eu\/?p=172\">\u015anie\u017cnik<\/a>                 1425 m n.p.m.    Masyw \u015anie\u017cnika<\/li>\n\n\n\n<li><a href=\"https:\/\/harpagany.eu\/?p=614\">Tarnica<\/a>                   1346 m n.p.m.    Bieszczady<\/li>\n\n\n\n<li><a href=\"https:\/\/harpagany.eu\/?p=485\">Turbacz<\/a>                   1310 m n.p.m.    Gorce<\/li>\n\n\n\n<li><a href=\"https:\/\/harpagany.eu\/?p=603\">Radziejowa<\/a>             1262 m n.p.m.   Beskid S\u0105decki<\/li>\n\n\n\n<li><a href=\"https:\/\/harpagany.eu\/?p=469\">Skrzyczne<\/a>                1257 m n.p.m.    Beskid \u015al\u0105ski<\/li>\n\n\n\n<li><a href=\"https:\/\/harpagany.eu\/?p=401\">Mogielica<\/a>                  1171 m n.p.m.    Beskid Wyspowy<\/li>\n\n\n\n<li><a href=\"https:\/\/harpagany.eu\/?p=55\">Wysoka Kopa<\/a>          1126 m n.p.m.    G\u00f3ry Izerskie<\/li>\n\n\n\n<li><a href=\"https:\/\/harpagany.eu\/?p=191\">Rudawiec<\/a>                  1112 m n.p.m.    G\u00f3ry Bialskie<\/li>\n\n\n\n<li><a href=\"https:\/\/harpagany.eu\/?p=784\">Orlica<\/a>                       1084 m n.p.m.    G\u00f3ry Orlickie<\/li>\n\n\n\n<li><a href=\"https:\/\/harpagany.eu\/?p=598\">Wysoka<\/a>                    1050 m n.p.m.    Pieniny<\/li>\n\n\n\n<li><a href=\"https:\/\/harpagany.eu\/?p=805\">Wielka Sowa<\/a>            1015 m n.p.m.    G\u00f3ry Sowie<\/li>\n\n\n\n<li><a href=\"https:\/\/harpagany.eu\/?p=609\">Lackowa<\/a>                     997 m n.p.m.    Beskid Niski<\/li>\n\n\n\n<li><a href=\"https:\/\/harpagany.eu\/?p=209\">Kowad\u0142o<\/a>                     989 m n.p.m.    G\u00f3ry Z\u0142ote<\/li>\n\n\n\n<li><a href=\"https:\/\/harpagany.eu\/?p=792\">Jagodna<\/a>                      977 m n.p.m.    G\u00f3ry Bystrzyckie<\/li>\n\n\n\n<li><a href=\"https:\/\/harpagany.eu\/?p=768\">Skalnik<\/a>                        945 m n.p.m.\u00a0   Rudawy Janowickie<\/li>\n\n\n\n<li><a href=\"https:\/\/harpagany.eu\/?p=813\">Walig\u00f3ra<\/a>                     936 m n.p.m.    G\u00f3ry Kamienne<\/li>\n\n\n\n<li><a href=\"https:\/\/harpagany.eu\/?p=474\">Czupel<\/a>                         933 m n.p.m.\u00a0   Beskid Ma\u0142y<\/li>\n\n\n\n<li><a href=\"https:\/\/harpagany.eu\/?p=773\">Szczeliniec Wielki<\/a>     919 m n.p.m.     G\u00f3ry Sto\u0142owe <\/li>\n\n\n\n<li><a href=\"https:\/\/harpagany.eu\/?p=407\">Lubomir<\/a>                     904 m n.p.m.    Beskid Makowski<\/li>\n\n\n\n<li><a href=\"https:\/\/harpagany.eu\/?p=138\">Biskupia Kopa<\/a>           889 m n.p.m.    G\u00f3ry Opawskie<\/li>\n\n\n\n<li><a href=\"https:\/\/harpagany.eu\/?p=820\">Che\u0142miec<\/a>                      851 m n.p.m.   G\u00f3ry Wa\u0142brzyskie<\/li>\n\n\n\n<li><a href=\"https:\/\/harpagany.eu\/?p=798\">K\u0142odzka G\u00f3ra<\/a>              765 m n.p.m.   G\u00f3ry Bardzkie<\/li>\n\n\n\n<li><a href=\"https:\/\/harpagany.eu\/?p=104\">Skopiec<\/a>                         724 m n.p.m.   G\u00f3ry Kaczawskie <\/li>\n\n\n\n<li><a href=\"https:\/\/harpagany.eu\/?p=827\">\u015al\u0119\u017ca<\/a>                              718 m n.p.m.   Masyw \u015al\u0119\u017cy<\/li>\n\n\n\n<li><a href=\"https:\/\/harpagany.eu\/?p=620\">\u0141ysica<\/a>                            612 m n.p.m.   G\u00f3ry \u015awi\u0119tokrzyskie<\/li>\n<\/ol>\n\n\n<div class=\"wp-block-image\">\n<figure class=\"aligncenter size-full\"><img loading=\"lazy\" decoding=\"async\" width=\"150\" height=\"150\" src=\"https:\/\/harpagany.eu\/wp-content\/uploads\/2024\/12\/image-4.png\" alt=\"\" class=\"wp-image-4079\" srcset=\"https:\/\/harpagany.eu\/wp-content\/uploads\/2024\/12\/image-4.png 150w, https:\/\/harpagany.eu\/wp-content\/uploads\/2024\/12\/image-4-88x88.png 88w\" sizes=\"auto, (max-width: 150px) 100vw, 150px\" \/><\/figure>\n<\/div>\n\n\n<p><\/p>\n","protected":false},"excerpt":{"rendered":"<p>Odznaka przyznawana przez Klub Zdobywc\u00f3w Korony G\u00f3r Polski (wykaz i mapa szczyt\u00f3w oraz regulamin), w ramach kt\u00f3rej nale\u017cy zdoby\u0107 nast\u0119puj\u0105ce szczyty:<\/p>\n","protected":false},"author":3,"featured_media":0,"parent":0,"menu_order":0,"comment_status":"closed","ping_status":"closed","template":"","meta":{"footnotes":""},"class_list":["post-17","page","type-page","status-publish","hentry"],"yoast_head":"<!-- This site is optimized with the Yoast SEO plugin v26.2 - https:\/\/yoast.com\/wordpress\/plugins\/seo\/ -->\n<title>Korona G\u00f3r Polski #1 - P\u0142ockie Harpagany<\/title>\n<meta name=\"robots\" content=\"index, follow, max-snippet:-1, max-image-preview:large, max-video-preview:-1\" \/>\n<link rel=\"canonical\" href=\"https:\/\/harpagany.eu\/?page_id=17\" \/>\n<meta property=\"og:locale\" content=\"pl_PL\" \/>\n<meta property=\"og:type\" content=\"article\" \/>\n<meta property=\"og:title\" content=\"Korona G\u00f3r Polski #1 - P\u0142ockie Harpagany\" \/>\n<meta property=\"og:description\" content=\"Odznaka przyznawana przez Klub Zdobywc\u00f3w Korony G\u00f3r Polski (wykaz i mapa szczyt\u00f3w oraz regulamin), w ramach kt\u00f3rej nale\u017cy zdoby\u0107 nast\u0119puj\u0105ce szczyty:\" \/>\n<meta property=\"og:url\" content=\"https:\/\/harpagany.eu\/?page_id=17\" \/>\n<meta property=\"og:site_name\" content=\"P\u0142ockie Harpagany\" \/>\n<meta property=\"article:modified_time\" content=\"2026-01-01T17:25:29+00:00\" \/>\n<meta property=\"og:image\" content=\"https:\/\/harpagany.eu\/wp-content\/uploads\/2024\/12\/image-4.png\" \/>\n\t<meta property=\"og:image:width\" content=\"150\" \/>\n\t<meta property=\"og:image:height\" content=\"150\" \/>\n\t<meta property=\"og:image:type\" content=\"image\/png\" \/>\n<meta name=\"twitter:card\" content=\"summary_large_image\" \/>\n<meta name=\"twitter:label1\" content=\"Szacowany czas czytania\" \/>\n\t<meta name=\"twitter:data1\" content=\"2 minuty\" \/>\n<script type=\"application\/ld+json\" class=\"yoast-schema-graph\">{\"@context\":\"https:\/\/schema.org\",\"@graph\":[{\"@type\":\"WebPage\",\"@id\":\"https:\/\/harpagany.eu\/?page_id=17\",\"url\":\"https:\/\/harpagany.eu\/?page_id=17\",\"name\":\"Korona G\u00f3r Polski #1 - P\u0142ockie Harpagany\",\"isPartOf\":{\"@id\":\"https:\/\/harpagany.eu\/#website\"},\"primaryImageOfPage\":{\"@id\":\"https:\/\/harpagany.eu\/?page_id=17#primaryimage\"},\"image\":{\"@id\":\"https:\/\/harpagany.eu\/?page_id=17#primaryimage\"},\"thumbnailUrl\":\"https:\/\/harpagany.eu\/wp-content\/uploads\/2024\/12\/image-4.png\",\"datePublished\":\"2022-05-04T13:31:09+00:00\",\"dateModified\":\"2026-01-01T17:25:29+00:00\",\"breadcrumb\":{\"@id\":\"https:\/\/harpagany.eu\/?page_id=17#breadcrumb\"},\"inLanguage\":\"pl-PL\",\"potentialAction\":[{\"@type\":\"ReadAction\",\"target\":[\"https:\/\/harpagany.eu\/?page_id=17\"]}]},{\"@type\":\"ImageObject\",\"inLanguage\":\"pl-PL\",\"@id\":\"https:\/\/harpagany.eu\/?page_id=17#primaryimage\",\"url\":\"https:\/\/harpagany.eu\/wp-content\/uploads\/2024\/12\/image-4.png\",\"contentUrl\":\"https:\/\/harpagany.eu\/wp-content\/uploads\/2024\/12\/image-4.png\",\"width\":150,\"height\":150},{\"@type\":\"BreadcrumbList\",\"@id\":\"https:\/\/harpagany.eu\/?page_id=17#breadcrumb\",\"itemListElement\":[{\"@type\":\"ListItem\",\"position\":1,\"name\":\"Home\",\"item\":\"https:\/\/harpagany.eu\/\"},{\"@type\":\"ListItem\",\"position\":2,\"name\":\"Korona G\u00f3r Polski #1\"}]},{\"@type\":\"WebSite\",\"@id\":\"https:\/\/harpagany.eu\/#website\",\"url\":\"https:\/\/harpagany.eu\/\",\"name\":\"P\u0142ockie Harpagany\",\"description\":\"Niewa\u017cne gdzie, wa\u017cne z kim!!!\",\"potentialAction\":[{\"@type\":\"SearchAction\",\"target\":{\"@type\":\"EntryPoint\",\"urlTemplate\":\"https:\/\/harpagany.eu\/?s={search_term_string}\"},\"query-input\":{\"@type\":\"PropertyValueSpecification\",\"valueRequired\":true,\"valueName\":\"search_term_string\"}}],\"inLanguage\":\"pl-PL\"}]}<\/script>\n<!-- \/ Yoast SEO plugin. -->","yoast_head_json":{"title":"Korona G\u00f3r Polski #1 - P\u0142ockie Harpagany","robots":{"index":"index","follow":"follow","max-snippet":"max-snippet:-1","max-image-preview":"max-image-preview:large","max-video-preview":"max-video-preview:-1"},"canonical":"https:\/\/harpagany.eu\/?page_id=17","og_locale":"pl_PL","og_type":"article","og_title":"Korona G\u00f3r Polski #1 - P\u0142ockie Harpagany","og_description":"Odznaka przyznawana przez Klub Zdobywc\u00f3w Korony G\u00f3r Polski (wykaz i mapa szczyt\u00f3w oraz regulamin), w ramach kt\u00f3rej nale\u017cy zdoby\u0107 nast\u0119puj\u0105ce szczyty:","og_url":"https:\/\/harpagany.eu\/?page_id=17","og_site_name":"P\u0142ockie Harpagany","article_modified_time":"2026-01-01T17:25:29+00:00","og_image":[{"width":150,"height":150,"url":"https:\/\/harpagany.eu\/wp-content\/uploads\/2024\/12\/image-4.png","type":"image\/png"}],"twitter_card":"summary_large_image","twitter_misc":{"Szacowany czas czytania":"2 minuty"},"schema":{"@context":"https:\/\/schema.org","@graph":[{"@type":"WebPage","@id":"https:\/\/harpagany.eu\/?page_id=17","url":"https:\/\/harpagany.eu\/?page_id=17","name":"Korona G\u00f3r Polski #1 - P\u0142ockie Harpagany","isPartOf":{"@id":"https:\/\/harpagany.eu\/#website"},"primaryImageOfPage":{"@id":"https:\/\/harpagany.eu\/?page_id=17#primaryimage"},"image":{"@id":"https:\/\/harpagany.eu\/?page_id=17#primaryimage"},"thumbnailUrl":"https:\/\/harpagany.eu\/wp-content\/uploads\/2024\/12\/image-4.png","datePublished":"2022-05-04T13:31:09+00:00","dateModified":"2026-01-01T17:25:29+00:00","breadcrumb":{"@id":"https:\/\/harpagany.eu\/?page_id=17#breadcrumb"},"inLanguage":"pl-PL","potentialAction":[{"@type":"ReadAction","target":["https:\/\/harpagany.eu\/?page_id=17"]}]},{"@type":"ImageObject","inLanguage":"pl-PL","@id":"https:\/\/harpagany.eu\/?page_id=17#primaryimage","url":"https:\/\/harpagany.eu\/wp-content\/uploads\/2024\/12\/image-4.png","contentUrl":"https:\/\/harpagany.eu\/wp-content\/uploads\/2024\/12\/image-4.png","width":150,"height":150},{"@type":"BreadcrumbList","@id":"https:\/\/harpagany.eu\/?page_id=17#breadcrumb","itemListElement":[{"@type":"ListItem","position":1,"name":"Home","item":"https:\/\/harpagany.eu\/"},{"@type":"ListItem","position":2,"name":"Korona G\u00f3r Polski #1"}]},{"@type":"WebSite","@id":"https:\/\/harpagany.eu\/#website","url":"https:\/\/harpagany.eu\/","name":"P\u0142ockie Harpagany","description":"Niewa\u017cne gdzie, wa\u017cne z kim!!!","potentialAction":[{"@type":"SearchAction","target":{"@type":"EntryPoint","urlTemplate":"https:\/\/harpagany.eu\/?s={search_term_string}"},"query-input":{"@type":"PropertyValueSpecification","valueRequired":true,"valueName":"search_term_string"}}],"inLanguage":"pl-PL"}]}},"_links":{"self":[{"href":"https:\/\/harpagany.eu\/index.php?rest_route=\/wp\/v2\/pages\/17","targetHints":{"allow":["GET"]}}],"collection":[{"href":"https:\/\/harpagany.eu\/index.php?rest_route=\/wp\/v2\/pages"}],"about":[{"href":"https:\/\/harpagany.eu\/index.php?rest_route=\/wp\/v2\/types\/page"}],"author":[{"embeddable":true,"href":"https:\/\/harpagany.eu\/index.php?rest_route=\/wp\/v2\/users\/3"}],"replies":[{"embeddable":true,"href":"https:\/\/harpagany.eu\/index.php?rest_route=%2Fwp%2Fv2%2Fcomments&post=17"}],"version-history":[{"count":2,"href":"https:\/\/harpagany.eu\/index.php?rest_route=\/wp\/v2\/pages\/17\/revisions"}],"predecessor-version":[{"id":4592,"href":"https:\/\/harpagany.eu\/index.php?rest_route=\/wp\/v2\/pages\/17\/revisions\/4592"}],"wp:attachment":[{"href":"https:\/\/harpagany.eu\/index.php?rest_route=%2Fwp%2Fv2%2Fmedia&parent=17"}],"curies":[{"name":"wp","href":"https:\/\/api.w.org\/{rel}","templated":true}]}}