{"id":2803,"date":"2024-01-09T11:28:28","date_gmt":"2024-01-09T11:28:28","guid":{"rendered":"https:\/\/harpagany.eu\/?page_id=2803"},"modified":"2024-12-28T21:06:55","modified_gmt":"2024-12-28T20:06:55","slug":"zdobywca-polskich-gor","status":"publish","type":"page","link":"https:\/\/harpagany.eu\/?page_id=2803","title":{"rendered":"Zdobywca Polskich G\u00f3r"},"content":{"rendered":"\n<p>Odznaka ustanowiona przez Podkarpack\u0105 Fundacj\u0119 Rozwoju &#8222;BESKID&#8221; (<a href=\"https:\/\/fundacjabeskid.org.pl\/odznaka-zdobywca-polskich-gor\/\">regulamin<\/a>), w ramach kt\u00f3rej nale\u017cy zdoby\u0107 nast\u0119puj\u0105ce szczyty:<\/p>\n\n\n\n<p>1. <a href=\"https:\/\/harpagany.eu\/?p=396\">Rysy<\/a> \u2013 2499 m n.p.m. (Tatry Wysokie)<\/p>\n\n\n\n<p>2. <a href=\"https:\/\/harpagany.eu\/?p=1848\">Starorobocia\u0144ski Wierch<\/a> \u2013 2176 m n.p.m. (Tatry Zachodnie)<\/p>\n\n\n\n<p>3. <a href=\"https:\/\/harpagany.eu\/?p=3239\">Babia G\u00f3ra<\/a> [Diablak] \u2013 1725 m n.p.m. (Beskid \u017bywiecko-Orawski)<\/p>\n\n\n\n<p>4. <a href=\"https:\/\/harpagany.eu\/?p=761\">\u015anie\u017cka<\/a> \u2013 1603 m n.p.m. (Karkonosze)<\/p>\n\n\n\n<p>5. <a href=\"https:\/\/harpagany.eu\/?p=172\">\u015anie\u017cnik<\/a> \u2013 1426 m n.p.m. (Masyw \u015anie\u017cnika)<\/p>\n\n\n\n<p>6. <a href=\"https:\/\/harpagany.eu\/?p=2018\">Tarnica<\/a> \u2013 1346 m n.p.m. (Bieszczady Zachodnie)<\/p>\n\n\n\n<p>7. <a href=\"https:\/\/harpagany.eu\/?p=485\">Turbacz<\/a> \u2013 1310 m n.p.m. (Gorce)<\/p>\n\n\n\n<p>8. <a href=\"https:\/\/harpagany.eu\/?p=603\">Radziejowa<\/a> \u2013 1262 m n.p.m. (Beskid S\u0105decki)<\/p>\n\n\n\n<p>9. <a href=\"https:\/\/harpagany.eu\/?p=469\">Skrzyczne<\/a> \u2013 1257 m n.p.m. (Beskid \u015al\u0105ski)<\/p>\n\n\n\n<p>10. <a href=\"https:\/\/harpagany.eu\/?p=2581\">Wielka Racza<\/a> \u2013 1236 m n.p.m. (Beskid \u017bywiecki)<\/p>\n\n\n\n<p>11. <a href=\"https:\/\/harpagany.eu\/?p=401\">Mogielica<\/a> \u2013 1170 m n.p.m. (Beskid Wyspowy)<\/p>\n\n\n\n<p>12. <a href=\"https:\/\/harpagany.eu\/?p=55\">Wysoka Kopa<\/a> \u2013 1126 m n.p.m. (G\u00f3ry Izerskie)<\/p>\n\n\n\n<p>13. <a href=\"https:\/\/harpagany.eu\/?p=55\">Postawna<\/a> \u2013 1117 m n.p.m. (G\u00f3ry Z\u0142ote)<\/p>\n\n\n\n<p>14. <a href=\"https:\/\/harpagany.eu\/?p=784\">Orlica<\/a> \u2013 1084 m n.p.m. (G\u00f3ry Orlickie)<\/p>\n\n\n\n<p>15. <a href=\"https:\/\/harpagany.eu\/?p=598\">Wysoka<\/a> \u2013 1050 m n.p.m. (Pieniny)<\/p>\n\n\n\n<p>16. <a href=\"https:\/\/harpagany.eu\/?p=805\">Wielka Sowa<\/a> \u2013 1015 m n.p.m. (G\u00f3ry Sowie)<\/p>\n\n\n\n<p>17. <a href=\"https:\/\/harpagany.eu\/?p=2038\">Lackowa<\/a> \u2013 997 m n.p.m. (Beskid Niski)<\/p>\n\n\n\n<p>18. <a href=\"https:\/\/harpagany.eu\/?p=1537\">Jagodna<\/a> \u2013 985 m n.p.m. (G\u00f3ry Bystrzyckie)<\/p>\n\n\n\n<p>19. <a href=\"https:\/\/harpagany.eu\/?p=768\">Skalnik<\/a> \u2013 944 m n.p.m. (Rudawy Janowickie)<\/p>\n\n\n\n<p>20. <a href=\"https:\/\/harpagany.eu\/?p=813\">Walig\u00f3ra<\/a> \u2013 934 m n.p.m. (G\u00f3ry Kamienne)<\/p>\n\n\n\n<p>21. <a href=\"https:\/\/harpagany.eu\/?p=474\">Czupel<\/a> \u2013 930 m n.p.m. (Beskid Ma\u0142y)<\/p>\n\n\n\n<p>22. <a href=\"https:\/\/harpagany.eu\/?p=773\">Szczeliniec Wielki<\/a> \u2013 919 m n.p.m. (G\u00f3ry Sto\u0142owe)<\/p>\n\n\n\n<p>23. <a href=\"https:\/\/harpagany.eu\/?p=1323\">Jaworniki<\/a> \u2013 909 m n.p.m. (G\u00f3ry Sanocko-Turcza\u0144skie)<\/p>\n\n\n\n<p>24. <a href=\"https:\/\/harpagany.eu\/?p=407\">Lubomir<\/a> \u2013 904 m n.p.m. (Beskid Makowski)<\/p>\n\n\n\n<p>25. <a href=\"https:\/\/harpagany.eu\/?p=138\">Biskupia Kopa<\/a> \u2013 891 m n.p.m. (G\u00f3ry Opawskie)<\/p>\n\n\n\n<p>26. <a href=\"https:\/\/harpagany.eu\/?p=1494\">Borowa<\/a> \u2013 853 m n.p.m. (G\u00f3ry Wa\u0142brzyskie)<\/p>\n\n\n\n<p>27. <a href=\"https:\/\/harpagany.eu\/?p=1523\">Szeroka G\u00f3ra<\/a> \u2013 765 m n.p.m. (G\u00f3ry Bardzkie)<\/p>\n\n\n\n<p>28. <a href=\"https:\/\/harpagany.eu\/?p=1124\">Okole<\/a> \u2013 722 m n.p.m. (G\u00f3ry Kaczawskie)<\/p>\n\n\n\n<p>29. <a href=\"https:\/\/harpagany.eu\/?p=827\">\u015al\u0119\u017ca<\/a> \u2013 718 m n.p.m. (Masyw \u015al\u0119\u017cy)<\/p>\n\n\n\n<p>30. <a href=\"https:\/\/harpagany.eu\/?p=2010\">\u0141ysica<\/a> \u2013 613 m n.p.m. (G\u00f3ry \u015awi\u0119tokrzyskie)<\/p>\n\n\n<div class=\"wp-block-image\">\n<figure class=\"aligncenter size-full is-resized\"><img loading=\"lazy\" decoding=\"async\" width=\"600\" height=\"426\" src=\"https:\/\/harpagany.eu\/wp-content\/uploads\/2024\/12\/image-5.png\" alt=\"\" class=\"wp-image-4081\" style=\"width:269px;height:auto\" srcset=\"https:\/\/harpagany.eu\/wp-content\/uploads\/2024\/12\/image-5.png 600w, https:\/\/harpagany.eu\/wp-content\/uploads\/2024\/12\/image-5-300x213.png 300w\" sizes=\"auto, (max-width: 600px) 100vw, 600px\" \/><\/figure>\n<\/div>\n\n\n<p><\/p>\n","protected":false},"excerpt":{"rendered":"<p>Odznaka ustanowiona przez Podkarpack\u0105 Fundacj\u0119 Rozwoju &#8222;BESKID&#8221; (regulamin), w ramach kt\u00f3rej nale\u017cy zdoby\u0107 nast\u0119puj\u0105ce szczyty: 1. Rysy \u2013 2499 m n.p.m. (Tatry Wysokie) 2. Starorobocia\u0144ski Wierch \u2013 2176 m n.p.m. (Tatry Zachodnie) 3. Babia G\u00f3ra [Diablak] \u2013 1725 m n.p.m. (Beskid \u017bywiecko-Orawski) 4. \u015anie\u017cka \u2013 1603 m n.p.m. (Karkonosze) 5. \u015anie\u017cnik \u2013 1426 m n.p.m. [&hellip;]<\/p>\n","protected":false},"author":3,"featured_media":0,"parent":0,"menu_order":0,"comment_status":"closed","ping_status":"closed","template":"","meta":{"footnotes":""},"class_list":["post-2803","page","type-page","status-publish","hentry"],"yoast_head":"<!-- This site is optimized with the Yoast SEO plugin v26.2 - https:\/\/yoast.com\/wordpress\/plugins\/seo\/ -->\n<title>Zdobywca Polskich G\u00f3r - P\u0142ockie Harpagany<\/title>\n<meta name=\"robots\" content=\"index, follow, max-snippet:-1, max-image-preview:large, max-video-preview:-1\" \/>\n<link rel=\"canonical\" href=\"https:\/\/harpagany.eu\/?page_id=2803\" \/>\n<meta property=\"og:locale\" content=\"pl_PL\" \/>\n<meta property=\"og:type\" content=\"article\" \/>\n<meta property=\"og:title\" content=\"Zdobywca Polskich G\u00f3r - P\u0142ockie Harpagany\" \/>\n<meta property=\"og:description\" content=\"Odznaka ustanowiona przez Podkarpack\u0105 Fundacj\u0119 Rozwoju &#8222;BESKID&#8221; (regulamin), w ramach kt\u00f3rej nale\u017cy zdoby\u0107 nast\u0119puj\u0105ce szczyty: 1. Rysy \u2013 2499 m n.p.m. (Tatry Wysokie) 2. Starorobocia\u0144ski Wierch \u2013 2176 m n.p.m. (Tatry Zachodnie) 3. Babia G\u00f3ra [Diablak] \u2013 1725 m n.p.m. (Beskid \u017bywiecko-Orawski) 4. \u015anie\u017cka \u2013 1603 m n.p.m. (Karkonosze) 5. \u015anie\u017cnik \u2013 1426 m n.p.m. [&hellip;]\" \/>\n<meta property=\"og:url\" content=\"https:\/\/harpagany.eu\/?page_id=2803\" \/>\n<meta property=\"og:site_name\" content=\"P\u0142ockie Harpagany\" \/>\n<meta property=\"article:modified_time\" content=\"2024-12-28T20:06:55+00:00\" \/>\n<meta property=\"og:image\" content=\"https:\/\/harpagany.eu\/wp-content\/uploads\/2024\/12\/image-5.png\" \/>\n\t<meta property=\"og:image:width\" content=\"600\" \/>\n\t<meta property=\"og:image:height\" content=\"426\" \/>\n\t<meta property=\"og:image:type\" content=\"image\/png\" \/>\n<meta name=\"twitter:card\" content=\"summary_large_image\" \/>\n<meta name=\"twitter:label1\" content=\"Szacowany czas czytania\" \/>\n\t<meta name=\"twitter:data1\" content=\"2 minuty\" \/>\n<script type=\"application\/ld+json\" class=\"yoast-schema-graph\">{\"@context\":\"https:\/\/schema.org\",\"@graph\":[{\"@type\":\"WebPage\",\"@id\":\"https:\/\/harpagany.eu\/?page_id=2803\",\"url\":\"https:\/\/harpagany.eu\/?page_id=2803\",\"name\":\"Zdobywca Polskich G\u00f3r - P\u0142ockie Harpagany\",\"isPartOf\":{\"@id\":\"https:\/\/harpagany.eu\/#website\"},\"primaryImageOfPage\":{\"@id\":\"https:\/\/harpagany.eu\/?page_id=2803#primaryimage\"},\"image\":{\"@id\":\"https:\/\/harpagany.eu\/?page_id=2803#primaryimage\"},\"thumbnailUrl\":\"https:\/\/harpagany.eu\/wp-content\/uploads\/2024\/12\/image-5.png\",\"datePublished\":\"2024-01-09T11:28:28+00:00\",\"dateModified\":\"2024-12-28T20:06:55+00:00\",\"breadcrumb\":{\"@id\":\"https:\/\/harpagany.eu\/?page_id=2803#breadcrumb\"},\"inLanguage\":\"pl-PL\",\"potentialAction\":[{\"@type\":\"ReadAction\",\"target\":[\"https:\/\/harpagany.eu\/?page_id=2803\"]}]},{\"@type\":\"ImageObject\",\"inLanguage\":\"pl-PL\",\"@id\":\"https:\/\/harpagany.eu\/?page_id=2803#primaryimage\",\"url\":\"https:\/\/harpagany.eu\/wp-content\/uploads\/2024\/12\/image-5.png\",\"contentUrl\":\"https:\/\/harpagany.eu\/wp-content\/uploads\/2024\/12\/image-5.png\",\"width\":600,\"height\":426},{\"@type\":\"BreadcrumbList\",\"@id\":\"https:\/\/harpagany.eu\/?page_id=2803#breadcrumb\",\"itemListElement\":[{\"@type\":\"ListItem\",\"position\":1,\"name\":\"Home\",\"item\":\"https:\/\/harpagany.eu\/\"},{\"@type\":\"ListItem\",\"position\":2,\"name\":\"Zdobywca Polskich G\u00f3r\"}]},{\"@type\":\"WebSite\",\"@id\":\"https:\/\/harpagany.eu\/#website\",\"url\":\"https:\/\/harpagany.eu\/\",\"name\":\"P\u0142ockie Harpagany\",\"description\":\"Niewa\u017cne gdzie, wa\u017cne z kim!!!\",\"potentialAction\":[{\"@type\":\"SearchAction\",\"target\":{\"@type\":\"EntryPoint\",\"urlTemplate\":\"https:\/\/harpagany.eu\/?s={search_term_string}\"},\"query-input\":{\"@type\":\"PropertyValueSpecification\",\"valueRequired\":true,\"valueName\":\"search_term_string\"}}],\"inLanguage\":\"pl-PL\"}]}<\/script>\n<!-- \/ Yoast SEO plugin. -->","yoast_head_json":{"title":"Zdobywca Polskich G\u00f3r - P\u0142ockie Harpagany","robots":{"index":"index","follow":"follow","max-snippet":"max-snippet:-1","max-image-preview":"max-image-preview:large","max-video-preview":"max-video-preview:-1"},"canonical":"https:\/\/harpagany.eu\/?page_id=2803","og_locale":"pl_PL","og_type":"article","og_title":"Zdobywca Polskich G\u00f3r - P\u0142ockie Harpagany","og_description":"Odznaka ustanowiona przez Podkarpack\u0105 Fundacj\u0119 Rozwoju &#8222;BESKID&#8221; (regulamin), w ramach kt\u00f3rej nale\u017cy zdoby\u0107 nast\u0119puj\u0105ce szczyty: 1. Rysy \u2013 2499 m n.p.m. (Tatry Wysokie) 2. Starorobocia\u0144ski Wierch \u2013 2176 m n.p.m. (Tatry Zachodnie) 3. Babia G\u00f3ra [Diablak] \u2013 1725 m n.p.m. (Beskid \u017bywiecko-Orawski) 4. \u015anie\u017cka \u2013 1603 m n.p.m. (Karkonosze) 5. \u015anie\u017cnik \u2013 1426 m n.p.m. [&hellip;]","og_url":"https:\/\/harpagany.eu\/?page_id=2803","og_site_name":"P\u0142ockie Harpagany","article_modified_time":"2024-12-28T20:06:55+00:00","og_image":[{"width":600,"height":426,"url":"https:\/\/harpagany.eu\/wp-content\/uploads\/2024\/12\/image-5.png","type":"image\/png"}],"twitter_card":"summary_large_image","twitter_misc":{"Szacowany czas czytania":"2 minuty"},"schema":{"@context":"https:\/\/schema.org","@graph":[{"@type":"WebPage","@id":"https:\/\/harpagany.eu\/?page_id=2803","url":"https:\/\/harpagany.eu\/?page_id=2803","name":"Zdobywca Polskich G\u00f3r - P\u0142ockie Harpagany","isPartOf":{"@id":"https:\/\/harpagany.eu\/#website"},"primaryImageOfPage":{"@id":"https:\/\/harpagany.eu\/?page_id=2803#primaryimage"},"image":{"@id":"https:\/\/harpagany.eu\/?page_id=2803#primaryimage"},"thumbnailUrl":"https:\/\/harpagany.eu\/wp-content\/uploads\/2024\/12\/image-5.png","datePublished":"2024-01-09T11:28:28+00:00","dateModified":"2024-12-28T20:06:55+00:00","breadcrumb":{"@id":"https:\/\/harpagany.eu\/?page_id=2803#breadcrumb"},"inLanguage":"pl-PL","potentialAction":[{"@type":"ReadAction","target":["https:\/\/harpagany.eu\/?page_id=2803"]}]},{"@type":"ImageObject","inLanguage":"pl-PL","@id":"https:\/\/harpagany.eu\/?page_id=2803#primaryimage","url":"https:\/\/harpagany.eu\/wp-content\/uploads\/2024\/12\/image-5.png","contentUrl":"https:\/\/harpagany.eu\/wp-content\/uploads\/2024\/12\/image-5.png","width":600,"height":426},{"@type":"BreadcrumbList","@id":"https:\/\/harpagany.eu\/?page_id=2803#breadcrumb","itemListElement":[{"@type":"ListItem","position":1,"name":"Home","item":"https:\/\/harpagany.eu\/"},{"@type":"ListItem","position":2,"name":"Zdobywca Polskich G\u00f3r"}]},{"@type":"WebSite","@id":"https:\/\/harpagany.eu\/#website","url":"https:\/\/harpagany.eu\/","name":"P\u0142ockie Harpagany","description":"Niewa\u017cne gdzie, wa\u017cne z kim!!!","potentialAction":[{"@type":"SearchAction","target":{"@type":"EntryPoint","urlTemplate":"https:\/\/harpagany.eu\/?s={search_term_string}"},"query-input":{"@type":"PropertyValueSpecification","valueRequired":true,"valueName":"search_term_string"}}],"inLanguage":"pl-PL"}]}},"_links":{"self":[{"href":"https:\/\/harpagany.eu\/index.php?rest_route=\/wp\/v2\/pages\/2803","targetHints":{"allow":["GET"]}}],"collection":[{"href":"https:\/\/harpagany.eu\/index.php?rest_route=\/wp\/v2\/pages"}],"about":[{"href":"https:\/\/harpagany.eu\/index.php?rest_route=\/wp\/v2\/types\/page"}],"author":[{"embeddable":true,"href":"https:\/\/harpagany.eu\/index.php?rest_route=\/wp\/v2\/users\/3"}],"replies":[{"embeddable":true,"href":"https:\/\/harpagany.eu\/index.php?rest_route=%2Fwp%2Fv2%2Fcomments&post=2803"}],"version-history":[{"count":1,"href":"https:\/\/harpagany.eu\/index.php?rest_route=\/wp\/v2\/pages\/2803\/revisions"}],"predecessor-version":[{"id":4082,"href":"https:\/\/harpagany.eu\/index.php?rest_route=\/wp\/v2\/pages\/2803\/revisions\/4082"}],"wp:attachment":[{"href":"https:\/\/harpagany.eu\/index.php?rest_route=%2Fwp%2Fv2%2Fmedia&parent=2803"}],"curies":[{"name":"wp","href":"https:\/\/api.w.org\/{rel}","templated":true}]}}