{"id":2805,"date":"2022-05-29T08:02:51","date_gmt":"2022-05-29T08:02:51","guid":{"rendered":"https:\/\/harpagany.eu\/?page_id=2805"},"modified":"2026-01-02T21:01:24","modified_gmt":"2026-01-02T20:01:24","slug":"sudecki-wloczykij","status":"publish","type":"page","link":"https:\/\/harpagany.eu\/?page_id=2805","title":{"rendered":"Sudecki W\u0142\u00f3czykij"},"content":{"rendered":"\n<p>Trzystopniowa odznaka ustanowiona przez PTTK we Wroc\u0142awiu (<a href=\"http:\/\/www.msw-pttk.org.pl\/odznaki\/reg_odznak\/reg_osw_2019.html\">regulamin<\/a>), w ramach kt\u00f3rej nale\u017cy zdoby\u0107 nast\u0119puj\u0105ce szczyty:<\/p>\n\n\n\n<ol class=\"wp-block-list\">\n<li>Hochstein&nbsp;449 m n.p.m. Przedg\u00f3rze Zachodnio\u0142u\u017cyckie<\/li>\n\n\n\n<li>Stolpen&nbsp;356 m n.p.m. Przedg\u00f3rze Zachodnio\u0142u\u017cyckie<\/li>\n\n\n\n<li>Czorneboh&nbsp;556 m n.p.m. Wzg\u00f3rza \u0141u\u017cyckie<\/li>\n\n\n\n<li>Valtenberg 587 m n.p.m. Wzg\u00f3rza \u0141u\u017cyckie<\/li>\n\n\n\n<li>Kottmar&nbsp;583 m n.p.m. Wzg\u00f3rza \u0141u\u017cyckie<\/li>\n\n\n\n<li>Tane\u010dnice 559 m n.p.m. Wzg\u00f3rza \u0141u\u017cyckie<\/li>\n\n\n\n<li>Vl\u010d\u00ed<em> <\/em>hora<em>&nbsp;<\/em>588 m n.p.m. Wzg\u00f3rza \u0141u\u017cyckie<\/li>\n\n\n\n<li>Landeskrone&nbsp;420 m n.p.m. Przedg\u00f3rze Wschodnio\u0142u\u017cyckie<\/li>\n\n\n\n<li>L\u00f6bauer Berg 448 m n.p.m. Przedg\u00f3rze Wschodnio\u0142u\u017cyckie<\/li>\n\n\n\n<li>Breiteberg 510&nbsp;m n.p.m. Przedg\u00f3rze Wschodnio\u0142u\u017cyckie<\/li>\n\n\n\n<li>Oybin 514&nbsp;m n.p.m. G\u00f3ry \u0141u\u017cyckie<\/li>\n\n\n\n<li>Hochwald&nbsp;<em>(Hvozd)<\/em> 749&nbsp;m n.p.m. G\u00f3ry \u0141u\u017cyckie<\/li>\n\n\n\n<li>Jedlov\u00e1<em>&nbsp;<\/em>776&nbsp;m n.p.m. G\u00f3ry \u0141u\u017cyckie<\/li>\n\n\n\n<li>Studenec 737&nbsp;m n.p.m. G\u00f3ry \u0141u\u017cyckie<\/li>\n\n\n\n<li>Kl\u00ed\u010d<em>&nbsp;<\/em>760&nbsp;m n.p.m. G\u00f3ry \u0141u\u017cyckie<\/li>\n\n\n\n<li>Velk\u00fd Vapenn\u00fd&nbsp;790&nbsp;m n.p.m. Grzbiet Jesztiedsko-Kozakowski<\/li>\n\n\n\n<li>Koz\u00e1kov&nbsp;745&nbsp;m n.p.m. Grzbiet Jesztiedsko-Kozakowski<\/li>\n\n\n\n<li>Prose\u010dsk\u00fd h\u0159eben&nbsp;593&nbsp;m n.p.m. Kotlina \u017bytawska<\/li>\n\n\n\n<li>Sto\u017cek Perkuna&nbsp;402&nbsp;m n.p.m. Pog\u00f3rze Izerskie<\/li>\n\n\n\n<li><a href=\"https:\/\/harpagany.eu\/?p=3030\">G\u00f3ra Zamkowa<\/a> 384 m n.p.m. Pog\u00f3rze Izerskie<\/li>\n\n\n\n<li>S\u0119pia G\u00f3ra 829 m n.p.m. G\u00f3ry Izerskie<\/li>\n\n\n\n<li>Smrk 1124 m n.p.m. G\u00f3ry Izerskie<\/li>\n\n\n\n<li>Jizera&nbsp;1122 m n.p.m. G\u00f3ry Izerskie<\/li>\n\n\n\n<li><a href=\"https:\/\/harpagany.eu\/?p=4662\">Bukovec<\/a>\u00a01005 m n.p.m. G\u00f3ry Izerskie<\/li>\n\n\n\n<li>\u0160pi\u010d\u00e1k&nbsp;723 m n.p.m. G\u00f3ry Izerskie<\/li>\n\n\n\n<li>\u010cern\u00e1 studnice 870 m n.p.m. G\u00f3ry Izerskie<\/li>\n\n\n\n<li>Chojnik&nbsp;627 m n.p.m. Karkonosze<\/li>\n\n\n\n<li>Harrachovy kameny 1420 m n.p.m. Karkonosze<\/li>\n\n\n\n<li>Czarcia Ambona&nbsp;<em>(\u010certova kazatelna)<\/em> 1490 m n.p.m. Karkonosze<\/li>\n\n\n\n<li><a href=\"https:\/\/harpagany.eu\/?p=2051\">Skalny St\u00f3\u0142<\/a>&nbsp;<em>(Tabule)<\/em> 1283 m n.p.m. Karkonosze<\/li>\n\n\n\n<li><a href=\"https:\/\/harpagany.eu\/?p=2062\">\u0141ysocina<\/a>&nbsp;<em>(Lyse\u010dinsk\u00e1 hora)<\/em>1190 m n.p.m. Karkonosze<\/li>\n\n\n\n<li>Dvorsk\u00fd les 1035 m n.p.m. Karkonosze<\/li>\n\n\n\n<li>\u010cern\u00e1 hora&nbsp;1300 m n.p.m. Karkonosze<\/li>\n\n\n\n<li>P\u0159edn\u00ed \u017dal\u00fd 1019 m n.p.m. Karkonosze<\/li>\n\n\n\n<li><a href=\"https:\/\/harpagany.eu\/?p=4654\">Hv\u011bzda<\/a> 959 m n.p.m. Karkonosze<\/li>\n\n\n\n<li>Kumburk&nbsp;639 m n.p.m. Podg\u00f3rze Karkonoskie<\/li>\n\n\n\n<li>Zvi\u010d\u00edna 672 m n.p.m. Podg\u00f3rze Karkonoskie<\/li>\n\n\n\n<li><a href=\"https:\/\/harpagany.eu\/?p=3011\">Grodziec<\/a> 389 m n.p.m. Pog\u00f3rze Kaczawskie<\/li>\n\n\n\n<li><a href=\"https:\/\/harpagany.eu\/?p=3023\">Ostrzyca<\/a> 501 m n.p.m. Pog\u00f3rze Kaczawskie<\/li>\n\n\n\n<li><a href=\"https:\/\/harpagany.eu\/?p=3081\">Radogost<\/a> 398 m n.p.m. Pog\u00f3rze Kaczawskie<\/li>\n\n\n\n<li><a href=\"https:\/\/harpagany.eu\/?p=3034\">G\u00f3ra Szybowcowa<\/a> 561 m n.p.m. G\u00f3ry Kaczawskie<\/li>\n\n\n\n<li><a href=\"https:\/\/harpagany.eu\/?p=1124\">Okole<\/a> 721 m n.p.m. G\u00f3ry Kaczawskie<\/li>\n\n\n\n<li><a href=\"https:\/\/harpagany.eu\/?p=3043\">Turzec<\/a> 684 m n.p.m. G\u00f3ry Kaczawskie<\/li>\n\n\n\n<li><a href=\"https:\/\/harpagany.eu\/?p=2125\">Por\u0119ba<\/a> 671 m n.p.m. G\u00f3ry Kaczawskie<\/li>\n\n\n\n<li>Wielka Kopa 871 m n.p.m. Rudawy Janowickie<\/li>\n\n\n\n<li><a href=\"https:\/\/harpagany.eu\/?p=2118\">Krzy\u017cna G\u00f3ra<\/a> 654 m n.p.m. Rudawy Janowickie<\/li>\n\n\n\n<li><a href=\"https:\/\/harpagany.eu\/?p=3038\">Grodna<\/a> 504 m n.p.m. Kotlina Jeleniog\u00f3rska<\/li>\n\n\n\n<li><a href=\"https:\/\/harpagany.eu\/?p=2129\">Wie\u017cyca<\/a> 395 m n.p.m. Pog\u00f3rze Bolkowsko-Wa\u0142brzyskie<\/li>\n\n\n\n<li><a href=\"https:\/\/harpagany.eu\/?p=3074\">Skiba<\/a> 431 m n.p.m. Pog\u00f3rze Bolkowsko-Wa\u0142brzyskie<\/li>\n\n\n\n<li><a href=\"https:\/\/harpagany.eu\/?p=1486\">Tr\u00f3jgarb<\/a> 778 m n.p.m. G\u00f3ry Wa\u0142brzyskie<\/li>\n\n\n\n<li><a href=\"https:\/\/harpagany.eu\/?p=2783\">Che\u0142miec<\/a> 851 m n.p.m. G\u00f3ry Wa\u0142brzyskie<\/li>\n\n\n\n<li><a href=\"https:\/\/harpagany.eu\/?p=3071\">Klasztorzysko<\/a> 631 m n.p.m. G\u00f3ry Wa\u0142brzyskie<\/li>\n\n\n\n<li>Sto\u017cek Wielki 841 m n.p.m. G\u00f3ry Kamienne<\/li>\n\n\n\n<li>Ruprechtick\u00fd \u0160pi\u010d\u00e1k 880 m n.p.m. G\u00f3ry Kamienne<\/li>\n\n\n\n<li>Kr\u00e1loveck\u00fd \u0160pi\u010d\u00e1k 881 m n.p.m. G\u00f3ry Kamienne<\/li>\n\n\n\n<li><a href=\"https:\/\/harpagany.eu\/?p=3047\">Zadzierna<\/a> 724 m n.p.m. Kotlina Kamiennog\u00f3rska<\/li>\n\n\n\n<li><a href=\"https:\/\/harpagany.eu\/?p=1509\">Ja\u0144ski Wierch<\/a> 697 m n.p.m. G\u00f3ry Jastrz\u0119bie<\/li>\n\n\n\n<li><a href=\"https:\/\/harpagany.eu\/?p=1504\">R\u00f3g<\/a> 715 m n.p.m. G\u00f3ry Sto\u0142owe<\/li>\n\n\n\n<li><a href=\"https:\/\/harpagany.eu\/?p=4676\">\u010c\u00e1p<\/a> 786 m n.p.m. G\u00f3ry Sto\u0142owe<\/li>\n\n\n\n<li><a href=\"https:\/\/harpagany.eu\/?p=3529\">Osta\u0161<\/a>&nbsp;700 m n.p.m. G\u00f3ry Sto\u0142owe<\/li>\n\n\n\n<li><a href=\"https:\/\/harpagany.eu\/?p=3525\">Koruna<\/a>&nbsp;769 m n.p.m. G\u00f3ry Sto\u0142owe<\/li>\n\n\n\n<li><a href=\"https:\/\/harpagany.eu\/?p=3622\">B\u0142\u0119dne Ska\u0142y<\/a>&nbsp;<em>(<\/em>Bor<em>)<\/em> 852 m n.p.m. G\u00f3ry Sto\u0142owe<\/li>\n\n\n\n<li><a href=\"https:\/\/harpagany.eu\/?p=4404\">Kalenica<\/a> 964 m n.p.m. G\u00f3ry Sowie<\/li>\n\n\n\n<li><a href=\"https:\/\/harpagany.eu\/?p=3213\">Ostr\u00f3g<\/a> 627 m n.p.m. G\u00f3ry Bardzkie<\/li>\n\n\n\n<li><a href=\"https:\/\/harpagany.eu\/?p=1571\">W\u0142odzicka G\u00f3ra<\/a> 757 m n.p.m. Obni\u017cenie Noworudzkie<\/li>\n\n\n\n<li><a href=\"https:\/\/harpagany.eu\/?p=3216\">G\u00f3ra Wszystkich&nbsp;\u015awi\u0119tych<\/a> 648 m n.p.m. Obni\u017cenie Noworudzkie<\/li>\n\n\n\n<li><a href=\"https:\/\/harpagany.eu\/?p=4084\">Forteczna G\u00f3ra<\/a> 369 m n.p.m. Obni\u017cenie Noworudzkie<\/li>\n\n\n\n<li><a href=\"https:\/\/harpagany.eu\/?p=784\">Orlica<\/a>&nbsp;1084 m n.p.m. G\u00f3ry Orlickie i Bystrzyckie<\/li>\n\n\n\n<li>Studen\u00fd&nbsp;721 m n.p.m. G\u00f3ry Orlickie i Bystrzyckie<\/li>\n\n\n\n<li>Such\u00fd vrch&nbsp;996 m n.p.m. G\u00f3ry Orlickie i Bystrzyckie<\/li>\n\n\n\n<li><a href=\"https:\/\/harpagany.eu\/?p=3627\">Wolarz<\/a>&nbsp;852 m n.p.m. G\u00f3ry Orlickie i Bystrzyckie<\/li>\n\n\n\n<li><a href=\"https:\/\/harpagany.eu\/?p=1564\">Grodczyn<\/a> 803 m n.p.m. Pog\u00f3rze Orlickie<\/li>\n\n\n\n<li><a href=\"https:\/\/harpagany.eu\/?p=3630\">Dobro\u0161ov<\/a> 625 m n.p.m. Pog\u00f3rze Orlickie<\/li>\n\n\n\n<li>Hu\u0161\u00e1k 626 m n.p.m. Pog\u00f3rze Orlickie<\/li>\n\n\n\n<li>Bor\u00f3wkowa <em>(<\/em>Bor\u016fvkov\u00e1 hora<em>)<\/em> 900 m n.p.m. G\u00f3ry Z\u0142ote i Bialskie<\/li>\n\n\n\n<li>Czernica 1083 m n.p.m. G\u00f3ry Z\u0142ote i Bialskie<\/li>\n\n\n\n<li>Studni\u010dn\u00fd vrch 992 m n.p.m. G\u00f3ry Z\u0142ote i Bialskie<\/li>\n\n\n\n<li><a href=\"https:\/\/harpagany.eu\/?p=4416\">Czarna G\u00f3ra<\/a> 1205 m n.p.m. Masyw \u015anie\u017cnika<\/li>\n\n\n\n<li>Tr\u00f3jmorski Wierch&nbsp;<em>(<\/em>Klep\u00fd<em>)<\/em> 1144 m n.p.m. Masyw \u015anie\u017cnika<\/li>\n\n\n\n<li><a href=\"https:\/\/harpagany.eu\/?p=138\">Biskupia Kopa<\/a><em>&nbsp;<\/em>890 m n.p.m. G\u00f3ry Opawskie<\/li>\n\n\n\n<li><a href=\"https:\/\/harpagany.eu\/?p=4693\">Zlat\u00fd chlum<\/a> 892 m n.p.m. G\u00f3ry Opawskie<\/li>\n\n\n\n<li>Z\u00e1meck\u00fd vrch 934 m n.p.m. Wysoki Jesionik<\/li>\n\n\n\n<li>Keprn\u00edk 1423 m n.p.m. Wysoki Jesionik<\/li>\n\n\n\n<li>Vysok\u00e1 hole&nbsp;1465 m n.p.m. Wysoki Jesionik<\/li>\n\n\n\n<li>H\u00e1j 632 m n.p.m. G\u00f3ry Hanuszowickie<\/li>\n\n\n\n<li>Kamenn\u00fd vrch 964 m n.p.m. G\u00f3ry Hanuszowickie<\/li>\n\n\n\n<li>Bradlo 599 m n.p.m. G\u00f3ry Hanuszowickie<\/li>\n\n\n\n<li>Bouzov 431 m n.p.m. Wy\u017cyna Zabrzeska<\/li>\n\n\n\n<li>P\u0159edn\u00ed Cvil\u00ednsk\u00fd kopec&nbsp;446 m n.p.m. Niski Jesionik<\/li>\n\n\n\n<li>Uhl\u00ed\u0159sk\u00fd vrch 673 m n.p.m. Niski Jesionik<\/li>\n\n\n\n<li>Velk\u00fd Roudn\u00fd&nbsp;779 m n.p.m. Niski Jesionik<\/li>\n\n\n\n<li>Vik\u0161tejn 477 m n.p.m. Niski Jesionik<\/li>\n\n\n\n<li>Ju\u0159a\u010dka 589 m n.p.m. Niski Jesionik<\/li>\n\n\n\n<li>Bo\u017e\u00ed hora 527 m n.p.m. Przedg\u00f3rze Paczkowskie<\/li>\n\n\n\n<li><a href=\"https:\/\/harpagany.eu\/?p=3204\">Brze\u017anica<\/a> 493 m n.p.m. Wzg\u00f3rza Niemcza\u0144sko-Strzeli\u0144skie<\/li>\n\n\n\n<li><a href=\"https:\/\/harpagany.eu\/?p=3209\">G\u00f3ra Parkowa<\/a> 452 m n.p.m. Wzg\u00f3rza Niemcza\u0144sko-Strzeli\u0144skie<\/li>\n\n\n\n<li><a href=\"https:\/\/harpagany.eu\/?p=3639\">Ostra G\u00f3ra<\/a> 360 m n.p.m. Wzg\u00f3rza Niemcza\u0144sko-Strzeli\u0144skie<\/li>\n\n\n\n<li><a href=\"https:\/\/harpagany.eu\/?p=3655\">Gromnik<\/a> 390 m n.p.m. Wzg\u00f3rza Niemcza\u0144sko-Strzeli\u0144skie<\/li>\n\n\n\n<li><a href=\"https:\/\/harpagany.eu\/?p=3077\">Krzy\u017cowa G\u00f3ra<\/a> 354 m n.p.m. Wzg\u00f3rza Strzegomskie<\/li>\n\n\n\n<li><a href=\"https:\/\/harpagany.eu\/?p=3519\">Szczytna<\/a> 466 m n.p.m. Masyw \u015al\u0119\u017cy<\/li>\n<\/ol>\n\n\n\n<p><\/p>\n","protected":false},"excerpt":{"rendered":"<p>Trzystopniowa odznaka ustanowiona przez PTTK we Wroc\u0142awiu (regulamin), w ramach kt\u00f3rej nale\u017cy zdoby\u0107 nast\u0119puj\u0105ce szczyty:<\/p>\n","protected":false},"author":3,"featured_media":0,"parent":0,"menu_order":0,"comment_status":"closed","ping_status":"closed","template":"","meta":{"footnotes":""},"class_list":["post-2805","page","type-page","status-publish","hentry"],"yoast_head":"<!-- This site is optimized with the Yoast SEO plugin v26.2 - https:\/\/yoast.com\/wordpress\/plugins\/seo\/ -->\n<title>Sudecki W\u0142\u00f3czykij - P\u0142ockie Harpagany<\/title>\n<meta name=\"robots\" content=\"index, follow, max-snippet:-1, max-image-preview:large, max-video-preview:-1\" \/>\n<link rel=\"canonical\" href=\"https:\/\/harpagany.eu\/?page_id=2805\" \/>\n<meta property=\"og:locale\" content=\"pl_PL\" \/>\n<meta property=\"og:type\" content=\"article\" \/>\n<meta property=\"og:title\" content=\"Sudecki W\u0142\u00f3czykij - P\u0142ockie Harpagany\" \/>\n<meta property=\"og:description\" content=\"Trzystopniowa odznaka ustanowiona przez PTTK we Wroc\u0142awiu (regulamin), w ramach kt\u00f3rej nale\u017cy zdoby\u0107 nast\u0119puj\u0105ce szczyty:\" \/>\n<meta property=\"og:url\" content=\"https:\/\/harpagany.eu\/?page_id=2805\" \/>\n<meta property=\"og:site_name\" content=\"P\u0142ockie Harpagany\" \/>\n<meta property=\"article:modified_time\" content=\"2026-01-02T20:01:24+00:00\" \/>\n<meta name=\"twitter:card\" content=\"summary_large_image\" \/>\n<meta name=\"twitter:label1\" content=\"Szacowany czas czytania\" \/>\n\t<meta name=\"twitter:data1\" content=\"5 minut\" \/>\n<script type=\"application\/ld+json\" class=\"yoast-schema-graph\">{\"@context\":\"https:\/\/schema.org\",\"@graph\":[{\"@type\":\"WebPage\",\"@id\":\"https:\/\/harpagany.eu\/?page_id=2805\",\"url\":\"https:\/\/harpagany.eu\/?page_id=2805\",\"name\":\"Sudecki W\u0142\u00f3czykij - P\u0142ockie Harpagany\",\"isPartOf\":{\"@id\":\"https:\/\/harpagany.eu\/#website\"},\"datePublished\":\"2022-05-29T08:02:51+00:00\",\"dateModified\":\"2026-01-02T20:01:24+00:00\",\"breadcrumb\":{\"@id\":\"https:\/\/harpagany.eu\/?page_id=2805#breadcrumb\"},\"inLanguage\":\"pl-PL\",\"potentialAction\":[{\"@type\":\"ReadAction\",\"target\":[\"https:\/\/harpagany.eu\/?page_id=2805\"]}]},{\"@type\":\"BreadcrumbList\",\"@id\":\"https:\/\/harpagany.eu\/?page_id=2805#breadcrumb\",\"itemListElement\":[{\"@type\":\"ListItem\",\"position\":1,\"name\":\"Home\",\"item\":\"https:\/\/harpagany.eu\/\"},{\"@type\":\"ListItem\",\"position\":2,\"name\":\"Sudecki W\u0142\u00f3czykij\"}]},{\"@type\":\"WebSite\",\"@id\":\"https:\/\/harpagany.eu\/#website\",\"url\":\"https:\/\/harpagany.eu\/\",\"name\":\"P\u0142ockie Harpagany\",\"description\":\"Niewa\u017cne gdzie, wa\u017cne z kim!!!\",\"potentialAction\":[{\"@type\":\"SearchAction\",\"target\":{\"@type\":\"EntryPoint\",\"urlTemplate\":\"https:\/\/harpagany.eu\/?s={search_term_string}\"},\"query-input\":{\"@type\":\"PropertyValueSpecification\",\"valueRequired\":true,\"valueName\":\"search_term_string\"}}],\"inLanguage\":\"pl-PL\"}]}<\/script>\n<!-- \/ Yoast SEO plugin. -->","yoast_head_json":{"title":"Sudecki W\u0142\u00f3czykij - P\u0142ockie Harpagany","robots":{"index":"index","follow":"follow","max-snippet":"max-snippet:-1","max-image-preview":"max-image-preview:large","max-video-preview":"max-video-preview:-1"},"canonical":"https:\/\/harpagany.eu\/?page_id=2805","og_locale":"pl_PL","og_type":"article","og_title":"Sudecki W\u0142\u00f3czykij - P\u0142ockie Harpagany","og_description":"Trzystopniowa odznaka ustanowiona przez PTTK we Wroc\u0142awiu (regulamin), w ramach kt\u00f3rej nale\u017cy zdoby\u0107 nast\u0119puj\u0105ce szczyty:","og_url":"https:\/\/harpagany.eu\/?page_id=2805","og_site_name":"P\u0142ockie Harpagany","article_modified_time":"2026-01-02T20:01:24+00:00","twitter_card":"summary_large_image","twitter_misc":{"Szacowany czas czytania":"5 minut"},"schema":{"@context":"https:\/\/schema.org","@graph":[{"@type":"WebPage","@id":"https:\/\/harpagany.eu\/?page_id=2805","url":"https:\/\/harpagany.eu\/?page_id=2805","name":"Sudecki W\u0142\u00f3czykij - P\u0142ockie Harpagany","isPartOf":{"@id":"https:\/\/harpagany.eu\/#website"},"datePublished":"2022-05-29T08:02:51+00:00","dateModified":"2026-01-02T20:01:24+00:00","breadcrumb":{"@id":"https:\/\/harpagany.eu\/?page_id=2805#breadcrumb"},"inLanguage":"pl-PL","potentialAction":[{"@type":"ReadAction","target":["https:\/\/harpagany.eu\/?page_id=2805"]}]},{"@type":"BreadcrumbList","@id":"https:\/\/harpagany.eu\/?page_id=2805#breadcrumb","itemListElement":[{"@type":"ListItem","position":1,"name":"Home","item":"https:\/\/harpagany.eu\/"},{"@type":"ListItem","position":2,"name":"Sudecki W\u0142\u00f3czykij"}]},{"@type":"WebSite","@id":"https:\/\/harpagany.eu\/#website","url":"https:\/\/harpagany.eu\/","name":"P\u0142ockie Harpagany","description":"Niewa\u017cne gdzie, wa\u017cne z kim!!!","potentialAction":[{"@type":"SearchAction","target":{"@type":"EntryPoint","urlTemplate":"https:\/\/harpagany.eu\/?s={search_term_string}"},"query-input":{"@type":"PropertyValueSpecification","valueRequired":true,"valueName":"search_term_string"}}],"inLanguage":"pl-PL"}]}},"_links":{"self":[{"href":"https:\/\/harpagany.eu\/index.php?rest_route=\/wp\/v2\/pages\/2805","targetHints":{"allow":["GET"]}}],"collection":[{"href":"https:\/\/harpagany.eu\/index.php?rest_route=\/wp\/v2\/pages"}],"about":[{"href":"https:\/\/harpagany.eu\/index.php?rest_route=\/wp\/v2\/types\/page"}],"author":[{"embeddable":true,"href":"https:\/\/harpagany.eu\/index.php?rest_route=\/wp\/v2\/users\/3"}],"replies":[{"embeddable":true,"href":"https:\/\/harpagany.eu\/index.php?rest_route=%2Fwp%2Fv2%2Fcomments&post=2805"}],"version-history":[{"count":4,"href":"https:\/\/harpagany.eu\/index.php?rest_route=\/wp\/v2\/pages\/2805\/revisions"}],"predecessor-version":[{"id":4704,"href":"https:\/\/harpagany.eu\/index.php?rest_route=\/wp\/v2\/pages\/2805\/revisions\/4704"}],"wp:attachment":[{"href":"https:\/\/harpagany.eu\/index.php?rest_route=%2Fwp%2Fv2%2Fmedia&parent=2805"}],"curies":[{"name":"wp","href":"https:\/\/api.w.org\/{rel}","templated":true}]}}