{"id":4430,"date":"2025-11-15T09:55:21","date_gmt":"2025-11-15T08:55:21","guid":{"rendered":"https:\/\/harpagany.eu\/?page_id=4430"},"modified":"2025-12-11T12:54:26","modified_gmt":"2025-12-11T11:54:26","slug":"biegi","status":"publish","type":"page","link":"https:\/\/harpagany.eu\/?page_id=4430","title":{"rendered":"Biegi"},"content":{"rendered":"\n<p>Ta podstrona po\u015bwi\u0119cona b\u0119dzie naszej pasji biegowej, a w zasadzie jej kolejnym podej\u015bciu, bo ju\u017c kiedy\u015b troch\u0119 biegali\u015bmy i chcemy do tej aktywno\u015bci wr\u00f3ci\u0107.<\/p>\n\n\n\n<p class=\"has-larger-font-size\"><strong>2025<\/strong><\/p>\n\n\n\n<p>09\/11\/2025 &#8211; <a href=\"https:\/\/harpagany.eu\/?p=4436\">XI Charytatywny Bieg Niepodleg\u0142o\u015bci w Zembrzycach<\/a><\/p>\n\n\n\n<p>07\/12\/2025 &#8211; <a href=\"https:\/\/harpagany.eu\/?p=4517\">Miko\u0142ajkowa Dyszka w Miko\u0142ajkach<\/a><\/p>\n","protected":false},"excerpt":{"rendered":"<p>Ta podstrona po\u015bwi\u0119cona b\u0119dzie naszej pasji biegowej, a w zasadzie jej kolejnym podej\u015bciu, bo ju\u017c kiedy\u015b troch\u0119 biegali\u015bmy i chcemy do tej aktywno\u015bci wr\u00f3ci\u0107. 2025 09\/11\/2025 &#8211; XI Charytatywny Bieg Niepodleg\u0142o\u015bci w Zembrzycach 07\/12\/2025 &#8211; Miko\u0142ajkowa Dyszka w Miko\u0142ajkach<\/p>\n","protected":false},"author":1,"featured_media":0,"parent":0,"menu_order":0,"comment_status":"closed","ping_status":"closed","template":"","meta":{"footnotes":""},"class_list":["post-4430","page","type-page","status-publish","hentry"],"yoast_head":"<!-- This site is optimized with the Yoast SEO plugin v26.2 - https:\/\/yoast.com\/wordpress\/plugins\/seo\/ -->\n<title>Biegi - P\u0142ockie Harpagany<\/title>\n<meta name=\"robots\" content=\"index, follow, max-snippet:-1, max-image-preview:large, max-video-preview:-1\" \/>\n<link rel=\"canonical\" href=\"https:\/\/harpagany.eu\/?page_id=4430\" \/>\n<meta property=\"og:locale\" content=\"pl_PL\" \/>\n<meta property=\"og:type\" content=\"article\" \/>\n<meta property=\"og:title\" content=\"Biegi - P\u0142ockie Harpagany\" \/>\n<meta property=\"og:description\" content=\"Ta podstrona po\u015bwi\u0119cona b\u0119dzie naszej pasji biegowej, a w zasadzie jej kolejnym podej\u015bciu, bo ju\u017c kiedy\u015b troch\u0119 biegali\u015bmy i chcemy do tej aktywno\u015bci wr\u00f3ci\u0107. 2025 09\/11\/2025 &#8211; XI Charytatywny Bieg Niepodleg\u0142o\u015bci w Zembrzycach 07\/12\/2025 &#8211; Miko\u0142ajkowa Dyszka w Miko\u0142ajkach\" \/>\n<meta property=\"og:url\" content=\"https:\/\/harpagany.eu\/?page_id=4430\" \/>\n<meta property=\"og:site_name\" content=\"P\u0142ockie Harpagany\" \/>\n<meta property=\"article:modified_time\" content=\"2025-12-11T11:54:26+00:00\" \/>\n<meta name=\"twitter:card\" content=\"summary_large_image\" \/>\n<meta name=\"twitter:label1\" content=\"Szacowany czas czytania\" \/>\n\t<meta name=\"twitter:data1\" content=\"1 minuta\" \/>\n<script type=\"application\/ld+json\" class=\"yoast-schema-graph\">{\"@context\":\"https:\/\/schema.org\",\"@graph\":[{\"@type\":\"WebPage\",\"@id\":\"https:\/\/harpagany.eu\/?page_id=4430\",\"url\":\"https:\/\/harpagany.eu\/?page_id=4430\",\"name\":\"Biegi - P\u0142ockie Harpagany\",\"isPartOf\":{\"@id\":\"https:\/\/harpagany.eu\/#website\"},\"datePublished\":\"2025-11-15T08:55:21+00:00\",\"dateModified\":\"2025-12-11T11:54:26+00:00\",\"breadcrumb\":{\"@id\":\"https:\/\/harpagany.eu\/?page_id=4430#breadcrumb\"},\"inLanguage\":\"pl-PL\",\"potentialAction\":[{\"@type\":\"ReadAction\",\"target\":[\"https:\/\/harpagany.eu\/?page_id=4430\"]}]},{\"@type\":\"BreadcrumbList\",\"@id\":\"https:\/\/harpagany.eu\/?page_id=4430#breadcrumb\",\"itemListElement\":[{\"@type\":\"ListItem\",\"position\":1,\"name\":\"Home\",\"item\":\"https:\/\/harpagany.eu\/\"},{\"@type\":\"ListItem\",\"position\":2,\"name\":\"Biegi\"}]},{\"@type\":\"WebSite\",\"@id\":\"https:\/\/harpagany.eu\/#website\",\"url\":\"https:\/\/harpagany.eu\/\",\"name\":\"P\u0142ockie Harpagany\",\"description\":\"Niewa\u017cne gdzie, wa\u017cne z kim!!!\",\"potentialAction\":[{\"@type\":\"SearchAction\",\"target\":{\"@type\":\"EntryPoint\",\"urlTemplate\":\"https:\/\/harpagany.eu\/?s={search_term_string}\"},\"query-input\":{\"@type\":\"PropertyValueSpecification\",\"valueRequired\":true,\"valueName\":\"search_term_string\"}}],\"inLanguage\":\"pl-PL\"}]}<\/script>\n<!-- \/ Yoast SEO plugin. -->","yoast_head_json":{"title":"Biegi - P\u0142ockie Harpagany","robots":{"index":"index","follow":"follow","max-snippet":"max-snippet:-1","max-image-preview":"max-image-preview:large","max-video-preview":"max-video-preview:-1"},"canonical":"https:\/\/harpagany.eu\/?page_id=4430","og_locale":"pl_PL","og_type":"article","og_title":"Biegi - P\u0142ockie Harpagany","og_description":"Ta podstrona po\u015bwi\u0119cona b\u0119dzie naszej pasji biegowej, a w zasadzie jej kolejnym podej\u015bciu, bo ju\u017c kiedy\u015b troch\u0119 biegali\u015bmy i chcemy do tej aktywno\u015bci wr\u00f3ci\u0107. 2025 09\/11\/2025 &#8211; XI Charytatywny Bieg Niepodleg\u0142o\u015bci w Zembrzycach 07\/12\/2025 &#8211; Miko\u0142ajkowa Dyszka w Miko\u0142ajkach","og_url":"https:\/\/harpagany.eu\/?page_id=4430","og_site_name":"P\u0142ockie Harpagany","article_modified_time":"2025-12-11T11:54:26+00:00","twitter_card":"summary_large_image","twitter_misc":{"Szacowany czas czytania":"1 minuta"},"schema":{"@context":"https:\/\/schema.org","@graph":[{"@type":"WebPage","@id":"https:\/\/harpagany.eu\/?page_id=4430","url":"https:\/\/harpagany.eu\/?page_id=4430","name":"Biegi - P\u0142ockie Harpagany","isPartOf":{"@id":"https:\/\/harpagany.eu\/#website"},"datePublished":"2025-11-15T08:55:21+00:00","dateModified":"2025-12-11T11:54:26+00:00","breadcrumb":{"@id":"https:\/\/harpagany.eu\/?page_id=4430#breadcrumb"},"inLanguage":"pl-PL","potentialAction":[{"@type":"ReadAction","target":["https:\/\/harpagany.eu\/?page_id=4430"]}]},{"@type":"BreadcrumbList","@id":"https:\/\/harpagany.eu\/?page_id=4430#breadcrumb","itemListElement":[{"@type":"ListItem","position":1,"name":"Home","item":"https:\/\/harpagany.eu\/"},{"@type":"ListItem","position":2,"name":"Biegi"}]},{"@type":"WebSite","@id":"https:\/\/harpagany.eu\/#website","url":"https:\/\/harpagany.eu\/","name":"P\u0142ockie Harpagany","description":"Niewa\u017cne gdzie, wa\u017cne z kim!!!","potentialAction":[{"@type":"SearchAction","target":{"@type":"EntryPoint","urlTemplate":"https:\/\/harpagany.eu\/?s={search_term_string}"},"query-input":{"@type":"PropertyValueSpecification","valueRequired":true,"valueName":"search_term_string"}}],"inLanguage":"pl-PL"}]}},"_links":{"self":[{"href":"https:\/\/harpagany.eu\/index.php?rest_route=\/wp\/v2\/pages\/4430","targetHints":{"allow":["GET"]}}],"collection":[{"href":"https:\/\/harpagany.eu\/index.php?rest_route=\/wp\/v2\/pages"}],"about":[{"href":"https:\/\/harpagany.eu\/index.php?rest_route=\/wp\/v2\/types\/page"}],"author":[{"embeddable":true,"href":"https:\/\/harpagany.eu\/index.php?rest_route=\/wp\/v2\/users\/1"}],"replies":[{"embeddable":true,"href":"https:\/\/harpagany.eu\/index.php?rest_route=%2Fwp%2Fv2%2Fcomments&post=4430"}],"version-history":[{"count":4,"href":"https:\/\/harpagany.eu\/index.php?rest_route=\/wp\/v2\/pages\/4430\/revisions"}],"predecessor-version":[{"id":4531,"href":"https:\/\/harpagany.eu\/index.php?rest_route=\/wp\/v2\/pages\/4430\/revisions\/4531"}],"wp:attachment":[{"href":"https:\/\/harpagany.eu\/index.php?rest_route=%2Fwp%2Fv2%2Fmedia&parent=4430"}],"curies":[{"name":"wp","href":"https:\/\/api.w.org\/{rel}","templated":true}]}}