{"id":832,"date":"2020-11-19T20:07:00","date_gmt":"2020-11-19T20:07:00","guid":{"rendered":"https:\/\/harpagany.eu\/?page_id=832"},"modified":"2020-11-19T20:07:00","modified_gmt":"2020-11-19T20:07:00","slug":"wielka-korona-pienin","status":"publish","type":"page","link":"https:\/\/harpagany.eu\/?page_id=832","title":{"rendered":"Korona Pienin"},"content":{"rendered":"\n<p class=\"has-normal-font-size\">Odznaka ustanowiona przez PTTK Szczawnica (<a href=\"http:\/\/www.msw-pttk.org.pl\/odznaki\/reg_odznak\/reg_omiwkppttksz.html\">regulamin<\/a>), w ramach kt\u00f3rej do zdobycia Wielkiej Korony Pienin nale\u017cy zdoby\u0107 nast\u0119puj\u0105ce szczyty:<\/p>\n\n\n\n<ul class=\"wp-block-list\"><li>1. <a href=\"https:\/\/harpagany.eu\/?p=833\">Okr\u0105glica<\/a> 982 m n.p.m.<\/li><li>2. <a href=\"https:\/\/harpagany.eu\/?p=845\">Sokolica<\/a> 747 m n.p.m.<\/li><li>3. <a href=\"https:\/\/harpagany.eu\/?p=598\">Wysoka<\/a> 1050 m n.p.m.<\/li><li>4. <a href=\"https:\/\/harpagany.eu\/?p=868\">Wysoki Wierch<\/a> 898 m n.p.m.<\/li><li>5. <a href=\"https:\/\/harpagany.eu\/?p=871\">\u017bar<\/a> 883 m n.p.m.<\/li><\/ul>\n\n\n\n<p><\/p>\n\n\n\n<figure class=\"wp-block-embed is-type-video is-provider-youtube wp-block-embed-youtube wp-embed-aspect-16-9 wp-has-aspect-ratio\"><div class=\"wp-block-embed__wrapper\">\n<iframe loading=\"lazy\" title=\"Korona Pienin 2020\" width=\"629\" height=\"354\" src=\"https:\/\/www.youtube.com\/embed\/NdYWrR4L45g?feature=oembed\" frameborder=\"0\" allow=\"accelerometer; autoplay; clipboard-write; encrypted-media; gyroscope; picture-in-picture; web-share\" referrerpolicy=\"strict-origin-when-cross-origin\" allowfullscreen><\/iframe>\n<\/div><\/figure>\n","protected":false},"excerpt":{"rendered":"<p>Odznaka ustanowiona przez PTTK Szczawnica (regulamin), w ramach kt\u00f3rej do zdobycia Wielkiej Korony Pienin nale\u017cy zdoby\u0107 nast\u0119puj\u0105ce szczyty: 1. Okr\u0105glica 982 m n.p.m. 2. Sokolica 747 m n.p.m. 3. Wysoka 1050 m n.p.m. 4. Wysoki Wierch 898 m n.p.m. 5. \u017bar 883 m n.p.m.<\/p>\n","protected":false},"author":3,"featured_media":0,"parent":0,"menu_order":0,"comment_status":"closed","ping_status":"closed","template":"","meta":{"footnotes":""},"class_list":["post-832","page","type-page","status-publish","hentry"],"yoast_head":"<!-- This site is optimized with the Yoast SEO plugin v26.2 - https:\/\/yoast.com\/wordpress\/plugins\/seo\/ -->\n<title>Korona Pienin - P\u0142ockie Harpagany<\/title>\n<meta name=\"robots\" content=\"index, follow, max-snippet:-1, max-image-preview:large, max-video-preview:-1\" \/>\n<link rel=\"canonical\" href=\"https:\/\/harpagany.eu\/?page_id=832\" \/>\n<meta property=\"og:locale\" content=\"pl_PL\" \/>\n<meta property=\"og:type\" content=\"article\" \/>\n<meta property=\"og:title\" content=\"Korona Pienin - P\u0142ockie Harpagany\" \/>\n<meta property=\"og:description\" content=\"Odznaka ustanowiona przez PTTK Szczawnica (regulamin), w ramach kt\u00f3rej do zdobycia Wielkiej Korony Pienin nale\u017cy zdoby\u0107 nast\u0119puj\u0105ce szczyty: 1. Okr\u0105glica 982 m n.p.m. 2. Sokolica 747 m n.p.m. 3. Wysoka 1050 m n.p.m. 4. Wysoki Wierch 898 m n.p.m. 5. \u017bar 883 m n.p.m.\" \/>\n<meta property=\"og:url\" content=\"https:\/\/harpagany.eu\/?page_id=832\" \/>\n<meta property=\"og:site_name\" content=\"P\u0142ockie Harpagany\" \/>\n<meta name=\"twitter:card\" content=\"summary_large_image\" \/>\n<script type=\"application\/ld+json\" class=\"yoast-schema-graph\">{\"@context\":\"https:\/\/schema.org\",\"@graph\":[{\"@type\":\"WebPage\",\"@id\":\"https:\/\/harpagany.eu\/?page_id=832\",\"url\":\"https:\/\/harpagany.eu\/?page_id=832\",\"name\":\"Korona Pienin - P\u0142ockie Harpagany\",\"isPartOf\":{\"@id\":\"https:\/\/harpagany.eu\/#website\"},\"datePublished\":\"2020-11-19T20:07:00+00:00\",\"breadcrumb\":{\"@id\":\"https:\/\/harpagany.eu\/?page_id=832#breadcrumb\"},\"inLanguage\":\"pl-PL\",\"potentialAction\":[{\"@type\":\"ReadAction\",\"target\":[\"https:\/\/harpagany.eu\/?page_id=832\"]}]},{\"@type\":\"BreadcrumbList\",\"@id\":\"https:\/\/harpagany.eu\/?page_id=832#breadcrumb\",\"itemListElement\":[{\"@type\":\"ListItem\",\"position\":1,\"name\":\"Home\",\"item\":\"https:\/\/harpagany.eu\/\"},{\"@type\":\"ListItem\",\"position\":2,\"name\":\"Korona Pienin\"}]},{\"@type\":\"WebSite\",\"@id\":\"https:\/\/harpagany.eu\/#website\",\"url\":\"https:\/\/harpagany.eu\/\",\"name\":\"P\u0142ockie Harpagany\",\"description\":\"Niewa\u017cne gdzie, wa\u017cne z kim!!!\",\"potentialAction\":[{\"@type\":\"SearchAction\",\"target\":{\"@type\":\"EntryPoint\",\"urlTemplate\":\"https:\/\/harpagany.eu\/?s={search_term_string}\"},\"query-input\":{\"@type\":\"PropertyValueSpecification\",\"valueRequired\":true,\"valueName\":\"search_term_string\"}}],\"inLanguage\":\"pl-PL\"}]}<\/script>\n<!-- \/ Yoast SEO plugin. -->","yoast_head_json":{"title":"Korona Pienin - P\u0142ockie Harpagany","robots":{"index":"index","follow":"follow","max-snippet":"max-snippet:-1","max-image-preview":"max-image-preview:large","max-video-preview":"max-video-preview:-1"},"canonical":"https:\/\/harpagany.eu\/?page_id=832","og_locale":"pl_PL","og_type":"article","og_title":"Korona Pienin - P\u0142ockie Harpagany","og_description":"Odznaka ustanowiona przez PTTK Szczawnica (regulamin), w ramach kt\u00f3rej do zdobycia Wielkiej Korony Pienin nale\u017cy zdoby\u0107 nast\u0119puj\u0105ce szczyty: 1. Okr\u0105glica 982 m n.p.m. 2. Sokolica 747 m n.p.m. 3. Wysoka 1050 m n.p.m. 4. Wysoki Wierch 898 m n.p.m. 5. \u017bar 883 m n.p.m.","og_url":"https:\/\/harpagany.eu\/?page_id=832","og_site_name":"P\u0142ockie Harpagany","twitter_card":"summary_large_image","schema":{"@context":"https:\/\/schema.org","@graph":[{"@type":"WebPage","@id":"https:\/\/harpagany.eu\/?page_id=832","url":"https:\/\/harpagany.eu\/?page_id=832","name":"Korona Pienin - P\u0142ockie Harpagany","isPartOf":{"@id":"https:\/\/harpagany.eu\/#website"},"datePublished":"2020-11-19T20:07:00+00:00","breadcrumb":{"@id":"https:\/\/harpagany.eu\/?page_id=832#breadcrumb"},"inLanguage":"pl-PL","potentialAction":[{"@type":"ReadAction","target":["https:\/\/harpagany.eu\/?page_id=832"]}]},{"@type":"BreadcrumbList","@id":"https:\/\/harpagany.eu\/?page_id=832#breadcrumb","itemListElement":[{"@type":"ListItem","position":1,"name":"Home","item":"https:\/\/harpagany.eu\/"},{"@type":"ListItem","position":2,"name":"Korona Pienin"}]},{"@type":"WebSite","@id":"https:\/\/harpagany.eu\/#website","url":"https:\/\/harpagany.eu\/","name":"P\u0142ockie Harpagany","description":"Niewa\u017cne gdzie, wa\u017cne z kim!!!","potentialAction":[{"@type":"SearchAction","target":{"@type":"EntryPoint","urlTemplate":"https:\/\/harpagany.eu\/?s={search_term_string}"},"query-input":{"@type":"PropertyValueSpecification","valueRequired":true,"valueName":"search_term_string"}}],"inLanguage":"pl-PL"}]}},"_links":{"self":[{"href":"https:\/\/harpagany.eu\/index.php?rest_route=\/wp\/v2\/pages\/832","targetHints":{"allow":["GET"]}}],"collection":[{"href":"https:\/\/harpagany.eu\/index.php?rest_route=\/wp\/v2\/pages"}],"about":[{"href":"https:\/\/harpagany.eu\/index.php?rest_route=\/wp\/v2\/types\/page"}],"author":[{"embeddable":true,"href":"https:\/\/harpagany.eu\/index.php?rest_route=\/wp\/v2\/users\/3"}],"replies":[{"embeddable":true,"href":"https:\/\/harpagany.eu\/index.php?rest_route=%2Fwp%2Fv2%2Fcomments&post=832"}],"version-history":[{"count":0,"href":"https:\/\/harpagany.eu\/index.php?rest_route=\/wp\/v2\/pages\/832\/revisions"}],"wp:attachment":[{"href":"https:\/\/harpagany.eu\/index.php?rest_route=%2Fwp%2Fv2%2Fmedia&parent=832"}],"curies":[{"name":"wp","href":"https:\/\/api.w.org\/{rel}","templated":true}]}}