{"id":993,"date":"2022-05-11T11:40:37","date_gmt":"2022-05-11T11:40:37","guid":{"rendered":"https:\/\/harpagany.eu\/?page_id=993"},"modified":"2022-05-11T11:40:37","modified_gmt":"2022-05-11T11:40:37","slug":"korona-ziemi-klodzkiej","status":"publish","type":"page","link":"https:\/\/harpagany.eu\/?page_id=993","title":{"rendered":"Korona Ziemi K\u0142odzkiej"},"content":{"rendered":"\n<p>Odznaka ustanowiona przez PTTK Mi\u0119dzyg\u00f3rze (<a href=\"http:\/\/www.pttkmiedzygorze.ta.pl\/?id=20\">regulamin<\/a>), w ramach kt\u00f3rej nale\u017cy zdoby\u0107 nast\u0119puj\u0105ce szczyty:<\/p>\n\n\n\n<ol class=\"wp-block-list\"><li><a href=\"https:\/\/harpagany.eu\/?p=1567\">Nowa Kopa<\/a> 553 m n.p.m.<\/li><li><a href=\"https:\/\/harpagany.eu\/?p=1571\">W\u0142odzicka G\u00f3ra<\/a> 758 m n.p.m.<\/li><li><a href=\"https:\/\/harpagany.eu\/?p=798\">K\u0142odzka G\u00f3ra<\/a> 765 m n.p.m.<\/li><li><a href=\"https:\/\/harpagany.eu\/?p=1564\">Grodziec<\/a> 803 m n.p.m.<\/li><li><a href=\"https:\/\/harpagany.eu\/?p=773\">Szczeliniec Wielki<\/a> 919 m n.p.m.<\/li><li><a href=\"https:\/\/harpagany.eu\/?p=1531\">Sucho\u0144<\/a> 964 m n.p.m.<\/li><li><a href=\"https:\/\/harpagany.eu\/?p=792\">Jagodna<\/a> 977 m n.p.m.<\/li><li><a href=\"https:\/\/harpagany.eu\/?p=209\">Kowad\u0142o<\/a> 989 m n.p.m.<\/li><li><a href=\"https:\/\/harpagany.eu\/?p=805\">Wielka Sowa<\/a> 1015 m n.p.m.<\/li><li><a href=\"https:\/\/harpagany.eu\/?p=784\">Orlica<\/a> 1084 m n.p.m.<\/li><li><a href=\"https:\/\/harpagany.eu\/?p=191\">Rudawiec<\/a> 1112 m n.p.m.<\/li><li><a href=\"https:\/\/harpagany.eu\/?p=172\">\u015anie\u017cnik K\u0142odzki<\/a> 1426 m n.p.m.<\/li><\/ol>\n\n\n\n<div class=\"wp-block-image\"><figure class=\"aligncenter size-full\"><img decoding=\"async\" src=\"https:\/\/harpagany.eu\/wp-content\/uploads\/2022\/05\/Korona-ziemi-klodzkiej.gif\" alt=\"\" class=\"wp-image-1017\"\/><\/figure><\/div>\n","protected":false},"excerpt":{"rendered":"<p>Odznaka ustanowiona przez PTTK Mi\u0119dzyg\u00f3rze (regulamin), w ramach kt\u00f3rej nale\u017cy zdoby\u0107 nast\u0119puj\u0105ce szczyty: Nowa Kopa 553 m n.p.m. W\u0142odzicka G\u00f3ra 758 m n.p.m. K\u0142odzka G\u00f3ra 765 m n.p.m. Grodziec 803 m n.p.m. Szczeliniec Wielki 919 m n.p.m. Sucho\u0144 964 m n.p.m. Jagodna 977 m n.p.m. Kowad\u0142o 989 m n.p.m. Wielka Sowa 1015 m n.p.m. Orlica [&hellip;]<\/p>\n","protected":false},"author":3,"featured_media":0,"parent":0,"menu_order":0,"comment_status":"closed","ping_status":"closed","template":"","meta":{"footnotes":""},"class_list":["post-993","page","type-page","status-publish","hentry"],"yoast_head":"<!-- This site is optimized with the Yoast SEO plugin v26.2 - https:\/\/yoast.com\/wordpress\/plugins\/seo\/ -->\n<title>Korona Ziemi K\u0142odzkiej - P\u0142ockie Harpagany<\/title>\n<meta name=\"robots\" content=\"index, follow, max-snippet:-1, max-image-preview:large, max-video-preview:-1\" \/>\n<link rel=\"canonical\" href=\"https:\/\/harpagany.eu\/?page_id=993\" \/>\n<meta property=\"og:locale\" content=\"pl_PL\" \/>\n<meta property=\"og:type\" content=\"article\" \/>\n<meta property=\"og:title\" content=\"Korona Ziemi K\u0142odzkiej - P\u0142ockie Harpagany\" \/>\n<meta property=\"og:description\" content=\"Odznaka ustanowiona przez PTTK Mi\u0119dzyg\u00f3rze (regulamin), w ramach kt\u00f3rej nale\u017cy zdoby\u0107 nast\u0119puj\u0105ce szczyty: Nowa Kopa 553 m n.p.m. W\u0142odzicka G\u00f3ra 758 m n.p.m. K\u0142odzka G\u00f3ra 765 m n.p.m. Grodziec 803 m n.p.m. Szczeliniec Wielki 919 m n.p.m. Sucho\u0144 964 m n.p.m. Jagodna 977 m n.p.m. Kowad\u0142o 989 m n.p.m. Wielka Sowa 1015 m n.p.m. Orlica [&hellip;]\" \/>\n<meta property=\"og:url\" content=\"https:\/\/harpagany.eu\/?page_id=993\" \/>\n<meta property=\"og:site_name\" content=\"P\u0142ockie Harpagany\" \/>\n<meta property=\"og:image\" content=\"https:\/\/harpagany.eu\/wp-content\/uploads\/2022\/05\/Korona-ziemi-klodzkiej.gif\" \/>\n<meta name=\"twitter:card\" content=\"summary_large_image\" \/>\n<script type=\"application\/ld+json\" class=\"yoast-schema-graph\">{\"@context\":\"https:\/\/schema.org\",\"@graph\":[{\"@type\":\"WebPage\",\"@id\":\"https:\/\/harpagany.eu\/?page_id=993\",\"url\":\"https:\/\/harpagany.eu\/?page_id=993\",\"name\":\"Korona Ziemi K\u0142odzkiej - P\u0142ockie Harpagany\",\"isPartOf\":{\"@id\":\"https:\/\/harpagany.eu\/#website\"},\"primaryImageOfPage\":{\"@id\":\"https:\/\/harpagany.eu\/?page_id=993#primaryimage\"},\"image\":{\"@id\":\"https:\/\/harpagany.eu\/?page_id=993#primaryimage\"},\"thumbnailUrl\":\"https:\/\/harpagany.eu\/wp-content\/uploads\/2022\/05\/Korona-ziemi-klodzkiej.gif\",\"datePublished\":\"2022-05-11T11:40:37+00:00\",\"breadcrumb\":{\"@id\":\"https:\/\/harpagany.eu\/?page_id=993#breadcrumb\"},\"inLanguage\":\"pl-PL\",\"potentialAction\":[{\"@type\":\"ReadAction\",\"target\":[\"https:\/\/harpagany.eu\/?page_id=993\"]}]},{\"@type\":\"ImageObject\",\"inLanguage\":\"pl-PL\",\"@id\":\"https:\/\/harpagany.eu\/?page_id=993#primaryimage\",\"url\":\"https:\/\/harpagany.eu\/wp-content\/uploads\/2022\/05\/Korona-ziemi-klodzkiej.gif\",\"contentUrl\":\"https:\/\/harpagany.eu\/wp-content\/uploads\/2022\/05\/Korona-ziemi-klodzkiej.gif\"},{\"@type\":\"BreadcrumbList\",\"@id\":\"https:\/\/harpagany.eu\/?page_id=993#breadcrumb\",\"itemListElement\":[{\"@type\":\"ListItem\",\"position\":1,\"name\":\"Home\",\"item\":\"https:\/\/harpagany.eu\/\"},{\"@type\":\"ListItem\",\"position\":2,\"name\":\"Korona Ziemi K\u0142odzkiej\"}]},{\"@type\":\"WebSite\",\"@id\":\"https:\/\/harpagany.eu\/#website\",\"url\":\"https:\/\/harpagany.eu\/\",\"name\":\"P\u0142ockie Harpagany\",\"description\":\"Niewa\u017cne gdzie, wa\u017cne z kim!!!\",\"potentialAction\":[{\"@type\":\"SearchAction\",\"target\":{\"@type\":\"EntryPoint\",\"urlTemplate\":\"https:\/\/harpagany.eu\/?s={search_term_string}\"},\"query-input\":{\"@type\":\"PropertyValueSpecification\",\"valueRequired\":true,\"valueName\":\"search_term_string\"}}],\"inLanguage\":\"pl-PL\"}]}<\/script>\n<!-- \/ Yoast SEO plugin. -->","yoast_head_json":{"title":"Korona Ziemi K\u0142odzkiej - P\u0142ockie Harpagany","robots":{"index":"index","follow":"follow","max-snippet":"max-snippet:-1","max-image-preview":"max-image-preview:large","max-video-preview":"max-video-preview:-1"},"canonical":"https:\/\/harpagany.eu\/?page_id=993","og_locale":"pl_PL","og_type":"article","og_title":"Korona Ziemi K\u0142odzkiej - P\u0142ockie Harpagany","og_description":"Odznaka ustanowiona przez PTTK Mi\u0119dzyg\u00f3rze (regulamin), w ramach kt\u00f3rej nale\u017cy zdoby\u0107 nast\u0119puj\u0105ce szczyty: Nowa Kopa 553 m n.p.m. W\u0142odzicka G\u00f3ra 758 m n.p.m. K\u0142odzka G\u00f3ra 765 m n.p.m. Grodziec 803 m n.p.m. Szczeliniec Wielki 919 m n.p.m. Sucho\u0144 964 m n.p.m. Jagodna 977 m n.p.m. Kowad\u0142o 989 m n.p.m. Wielka Sowa 1015 m n.p.m. Orlica [&hellip;]","og_url":"https:\/\/harpagany.eu\/?page_id=993","og_site_name":"P\u0142ockie Harpagany","og_image":[{"url":"https:\/\/harpagany.eu\/wp-content\/uploads\/2022\/05\/Korona-ziemi-klodzkiej.gif","type":"","width":"","height":""}],"twitter_card":"summary_large_image","schema":{"@context":"https:\/\/schema.org","@graph":[{"@type":"WebPage","@id":"https:\/\/harpagany.eu\/?page_id=993","url":"https:\/\/harpagany.eu\/?page_id=993","name":"Korona Ziemi K\u0142odzkiej - P\u0142ockie Harpagany","isPartOf":{"@id":"https:\/\/harpagany.eu\/#website"},"primaryImageOfPage":{"@id":"https:\/\/harpagany.eu\/?page_id=993#primaryimage"},"image":{"@id":"https:\/\/harpagany.eu\/?page_id=993#primaryimage"},"thumbnailUrl":"https:\/\/harpagany.eu\/wp-content\/uploads\/2022\/05\/Korona-ziemi-klodzkiej.gif","datePublished":"2022-05-11T11:40:37+00:00","breadcrumb":{"@id":"https:\/\/harpagany.eu\/?page_id=993#breadcrumb"},"inLanguage":"pl-PL","potentialAction":[{"@type":"ReadAction","target":["https:\/\/harpagany.eu\/?page_id=993"]}]},{"@type":"ImageObject","inLanguage":"pl-PL","@id":"https:\/\/harpagany.eu\/?page_id=993#primaryimage","url":"https:\/\/harpagany.eu\/wp-content\/uploads\/2022\/05\/Korona-ziemi-klodzkiej.gif","contentUrl":"https:\/\/harpagany.eu\/wp-content\/uploads\/2022\/05\/Korona-ziemi-klodzkiej.gif"},{"@type":"BreadcrumbList","@id":"https:\/\/harpagany.eu\/?page_id=993#breadcrumb","itemListElement":[{"@type":"ListItem","position":1,"name":"Home","item":"https:\/\/harpagany.eu\/"},{"@type":"ListItem","position":2,"name":"Korona Ziemi K\u0142odzkiej"}]},{"@type":"WebSite","@id":"https:\/\/harpagany.eu\/#website","url":"https:\/\/harpagany.eu\/","name":"P\u0142ockie Harpagany","description":"Niewa\u017cne gdzie, wa\u017cne z kim!!!","potentialAction":[{"@type":"SearchAction","target":{"@type":"EntryPoint","urlTemplate":"https:\/\/harpagany.eu\/?s={search_term_string}"},"query-input":{"@type":"PropertyValueSpecification","valueRequired":true,"valueName":"search_term_string"}}],"inLanguage":"pl-PL"}]}},"_links":{"self":[{"href":"https:\/\/harpagany.eu\/index.php?rest_route=\/wp\/v2\/pages\/993","targetHints":{"allow":["GET"]}}],"collection":[{"href":"https:\/\/harpagany.eu\/index.php?rest_route=\/wp\/v2\/pages"}],"about":[{"href":"https:\/\/harpagany.eu\/index.php?rest_route=\/wp\/v2\/types\/page"}],"author":[{"embeddable":true,"href":"https:\/\/harpagany.eu\/index.php?rest_route=\/wp\/v2\/users\/3"}],"replies":[{"embeddable":true,"href":"https:\/\/harpagany.eu\/index.php?rest_route=%2Fwp%2Fv2%2Fcomments&post=993"}],"version-history":[{"count":0,"href":"https:\/\/harpagany.eu\/index.php?rest_route=\/wp\/v2\/pages\/993\/revisions"}],"wp:attachment":[{"href":"https:\/\/harpagany.eu\/index.php?rest_route=%2Fwp%2Fv2%2Fmedia&parent=993"}],"curies":[{"name":"wp","href":"https:\/\/api.w.org\/{rel}","templated":true}]}}